{"id":91,"date":"2016-01-31T15:18:22","date_gmt":"2016-01-31T15:18:22","guid":{"rendered":"http:\/\/www.local76000.ca\/?page_id=91"},"modified":"2022-10-25T11:48:51","modified_gmt":"2022-10-25T11:48:51","slug":"candidate-profile-vice-president-regional-offices","status":"publish","type":"page","link":"https:\/\/local76000.ca\/fr\/executive-team\/candidate-profile-vice-president-regional-offices\/","title":{"rendered":"Vice-pr\u00e9sidence, bureaux r\u00e9gionaux"},"content":{"rendered":"<ul>\n<li>Fournit conseils et guidance aux pr\u00e9sidence et vice-pr\u00e9sidence au sujet des questions r\u00e9gionales employeur-employ\u00e9s, besoins r\u00e9gionaux et perspectives en lien avec les r\u00e8glements de la section locale, et les clauses de la convention collective.<\/li>\n<\/ul>\n<ul>\n<li>Travaille \u00e9troitement avec la pr\u00e9sidence, vice-pr\u00e9sidence et d\u00e9l\u00e9gu\u00e9(e)s syndicaux pour assurer et faciliter les communications en temps opportun et faire le suivi avec les employ\u00e9s dans les r\u00e9gions sur les questions concernant tous les comit\u00e9s de la section locale.<\/li>\n<\/ul>\n<hr \/>\n<div class=\"page\" title=\"Page 71\"><\/div>\n","protected":false},"excerpt":{"rendered":"<p>Fournit conseils et guidance aux pr\u00e9sidence et vice-pr\u00e9sidence au sujet des questions r\u00e9gionales employeur-employ\u00e9s, besoins r\u00e9gionaux et perspectives en lien avec les r\u00e8glements de la section locale, et les clauses de la convention collective. Travaille \u00e9troitement avec la pr\u00e9sidence, vice-pr\u00e9sidence et d\u00e9l\u00e9gu\u00e9(e)s syndicaux pour assurer et faciliter les communications en temps opportun et faire le &hellip; <a href=\"https:\/\/local76000.ca\/fr\/executive-team\/candidate-profile-vice-president-regional-offices\/\" class=\"more-link\">Continue reading<span class=\"screen-reader-text\"> &#8220;Vice-pr\u00e9sidence, bureaux r\u00e9gionaux&#8221;<\/span><\/a><\/p>\n","protected":false},"author":1,"featured_media":0,"parent":51,"menu_order":0,"comment_status":"closed","ping_status":"closed","template":"","meta":{"pagelayer_contact_templates":[],"_pagelayer_content":"","footnotes":""},"class_list":["post-91","page","type-page","status-publish","hentry"],"translation":{"provider":"WPGlobus","version":"3.0.2","language":"fr","enabled_languages":["en","fr"],"languages":{"en":{"title":true,"content":true,"excerpt":false},"fr":{"title":true,"content":true,"excerpt":false}}},"_links":{"self":[{"href":"https:\/\/local76000.ca\/fr\/wp-json\/wp\/v2\/pages\/91","targetHints":{"allow":["GET"]}}],"collection":[{"href":"https:\/\/local76000.ca\/fr\/wp-json\/wp\/v2\/pages"}],"about":[{"href":"https:\/\/local76000.ca\/fr\/wp-json\/wp\/v2\/types\/page"}],"author":[{"embeddable":true,"href":"https:\/\/local76000.ca\/fr\/wp-json\/wp\/v2\/users\/1"}],"replies":[{"embeddable":true,"href":"https:\/\/local76000.ca\/fr\/wp-json\/wp\/v2\/comments?post=91"}],"version-history":[{"count":4,"href":"https:\/\/local76000.ca\/fr\/wp-json\/wp\/v2\/pages\/91\/revisions"}],"predecessor-version":[{"id":1250,"href":"https:\/\/local76000.ca\/fr\/wp-json\/wp\/v2\/pages\/91\/revisions\/1250"}],"up":[{"embeddable":true,"href":"https:\/\/local76000.ca\/fr\/wp-json\/wp\/v2\/pages\/51"}],"wp:attachment":[{"href":"https:\/\/local76000.ca\/fr\/wp-json\/wp\/v2\/media?parent=91"}],"curies":[{"name":"wp","href":"https:\/\/api.w.org\/{rel}","templated":true}]}}