{"id":831,"date":"2020-11-06T21:11:06","date_gmt":"2020-11-06T21:11:06","guid":{"rendered":"http:\/\/local76000.ca\/?page_id=831"},"modified":"2020-11-06T21:35:18","modified_gmt":"2020-11-06T21:35:18","slug":"candidate-profile-regional-shop-steward","status":"publish","type":"page","link":"https:\/\/local76000.ca\/fr\/executive-team\/candidate-profile-regional-shop-steward\/","title":{"rendered":"D\u00e9l\u00e9gu\u00e9s syndicaux r\u00e9gionaux"},"content":{"rendered":"<p><b><span data-contrast=\"auto\">D<\/span><\/b><b><span data-contrast=\"auto\">\u00e9l\u00e9gu\u00e9e<\/span><\/b><b><span data-contrast=\"auto\">s<\/span><\/b><b><span data-contrast=\"auto\"> ou d\u00e9l\u00e9gu\u00e9<\/span><\/b><b><span data-contrast=\"auto\">s<\/span><\/b><b><span data-contrast=\"auto\"> syndica<\/span><\/b><b><span data-contrast=\"auto\">ux<\/span><\/b> <b><span data-contrast=\"auto\">r\u00e9gionaux (un par bureau r\u00e9gional)<\/span><\/b><span data-ccp-props=\"{&quot;201341983&quot;:0,&quot;335559739&quot;:0,&quot;335559740&quot;:240}\">\u00a0<\/span><\/p>\n<ul>\n<li data-leveltext=\"-\" data-font=\"Calibri\" data-listid=\"3\" aria-setsize=\"-1\" data-aria-posinset=\"11\" data-aria-level=\"1\"><span data-contrast=\"auto\">Informe les membres de leurs droits en vertu de la convention collective;<\/span><span data-ccp-props=\"{&quot;134233279&quot;:true,&quot;201341983&quot;:0,&quot;335559739&quot;:160,&quot;335559740&quot;:259}\">\u00a0<\/span><\/li>\n<li data-leveltext=\"-\" data-font=\"Calibri\" data-listid=\"3\" aria-setsize=\"-1\" data-aria-posinset=\"11\" data-aria-level=\"1\"><span data-contrast=\"auto\">Veille \u00e0 l\u2019application ad\u00e9quate, par la direction et les membres de la section locale, des conventions collectives en vigueur, des d\u00e9cisions arbitrales, des lois et des r\u00e8glements;<\/span><span data-ccp-props=\"{&quot;134233279&quot;:true,&quot;201341983&quot;:0,&quot;335559739&quot;:160,&quot;335559740&quot;:259}\">\u00a0<\/span><\/li>\n<li data-leveltext=\"-\" data-font=\"Calibri\" data-listid=\"3\" aria-setsize=\"-1\" data-aria-posinset=\"11\" data-aria-level=\"1\"><span data-contrast=\"auto\">Conseille et appuie les d\u00e9l\u00e9gu\u00e9s sur des questions techniques particuli\u00e8res touchant les relations entre <\/span><span data-contrast=\"auto\">membres de la section locale <\/span><span data-contrast=\"auto\">et la direction;<\/span><span data-ccp-props=\"{&quot;134233279&quot;:true,&quot;201341983&quot;:0,&quot;335559739&quot;:160,&quot;335559740&quot;:259}\">\u00a0<\/span><\/li>\n<li data-leveltext=\"-\" data-font=\"Calibri\" data-listid=\"3\" aria-setsize=\"-1\" data-aria-posinset=\"11\" data-aria-level=\"1\"><span data-contrast=\"auto\">Repr\u00e9sente les membres de la section locale dans les proc\u00e9dures de r\u00e8glement des griefs, ainsi que dans les entretiens d\u2019enqu\u00eate qui devraient donner lieu \u00e0 des mesures disciplinaires<\/span><span data-contrast=\"auto\">;\u00a0<\/span><span data-ccp-props=\"{&quot;134233279&quot;:true,&quot;201341983&quot;:0,&quot;335559739&quot;:160,&quot;335559740&quot;:259}\">\u00a0<\/span><\/li>\n<li data-leveltext=\"-\" data-font=\"Calibri\" data-listid=\"3\" aria-setsize=\"-1\" data-aria-posinset=\"11\" data-aria-level=\"1\"><span data-contrast=\"auto\">Travaille en \u00e9troite collaboration avec tous les d\u00e9l\u00e9gu\u00e9s, les dirigeants, les comit\u00e9s et le personnel de l&#8217;A<\/span><span data-contrast=\"auto\">.<\/span><span data-contrast=\"auto\">F<\/span><span data-contrast=\"auto\">.<\/span><span data-contrast=\"auto\">P<\/span><span data-contrast=\"auto\">.<\/span><span data-contrast=\"auto\">C.<\/span><span data-ccp-props=\"{&quot;134233279&quot;:true,&quot;201341983&quot;:0,&quot;335559739&quot;:160,&quot;335559740&quot;:259}\">\u00a0<\/span><\/li>\n<\/ul>\n","protected":false},"excerpt":{"rendered":"<p>D\u00e9l\u00e9gu\u00e9es ou d\u00e9l\u00e9gu\u00e9s syndicaux r\u00e9gionaux (un par bureau r\u00e9gional)\u00a0 Informe les membres de leurs droits en vertu de la convention collective;\u00a0 Veille \u00e0 l\u2019application ad\u00e9quate, par la direction et les membres de la section locale, des conventions collectives en vigueur, des d\u00e9cisions arbitrales, des lois et des r\u00e8glements;\u00a0 Conseille et appuie les d\u00e9l\u00e9gu\u00e9s sur des &hellip; <a href=\"https:\/\/local76000.ca\/fr\/executive-team\/candidate-profile-regional-shop-steward\/\" class=\"more-link\">Continue reading<span class=\"screen-reader-text\"> &#8220;D\u00e9l\u00e9gu\u00e9s syndicaux r\u00e9gionaux&#8221;<\/span><\/a><\/p>\n","protected":false},"author":1,"featured_media":0,"parent":51,"menu_order":0,"comment_status":"closed","ping_status":"closed","template":"","meta":{"pagelayer_contact_templates":[],"_pagelayer_content":"","footnotes":""},"class_list":["post-831","page","type-page","status-publish","hentry"],"translation":{"provider":"WPGlobus","version":"3.0.2","language":"fr","enabled_languages":["en","fr"],"languages":{"en":{"title":true,"content":true,"excerpt":false},"fr":{"title":true,"content":true,"excerpt":false}}},"_links":{"self":[{"href":"https:\/\/local76000.ca\/fr\/wp-json\/wp\/v2\/pages\/831","targetHints":{"allow":["GET"]}}],"collection":[{"href":"https:\/\/local76000.ca\/fr\/wp-json\/wp\/v2\/pages"}],"about":[{"href":"https:\/\/local76000.ca\/fr\/wp-json\/wp\/v2\/types\/page"}],"author":[{"embeddable":true,"href":"https:\/\/local76000.ca\/fr\/wp-json\/wp\/v2\/users\/1"}],"replies":[{"embeddable":true,"href":"https:\/\/local76000.ca\/fr\/wp-json\/wp\/v2\/comments?post=831"}],"version-history":[{"count":2,"href":"https:\/\/local76000.ca\/fr\/wp-json\/wp\/v2\/pages\/831\/revisions"}],"predecessor-version":[{"id":840,"href":"https:\/\/local76000.ca\/fr\/wp-json\/wp\/v2\/pages\/831\/revisions\/840"}],"up":[{"embeddable":true,"href":"https:\/\/local76000.ca\/fr\/wp-json\/wp\/v2\/pages\/51"}],"wp:attachment":[{"href":"https:\/\/local76000.ca\/fr\/wp-json\/wp\/v2\/media?parent=831"}],"curies":[{"name":"wp","href":"https:\/\/api.w.org\/{rel}","templated":true}]}}