{"id":60,"date":"2016-01-14T04:45:15","date_gmt":"2016-01-14T04:45:15","guid":{"rendered":"http:\/\/www.local76000.ca\/?page_id=60"},"modified":"2024-04-15T12:59:53","modified_gmt":"2024-04-15T12:59:53","slug":"reference-material","status":"publish","type":"page","link":"https:\/\/local76000.ca\/fr\/reference-material\/","title":{"rendered":"R\u00e9f\u00e9rences"},"content":{"rendered":"\n<p>Voici quelques documents que vous pouvez utiliser pour accro\u00eetre vos connaissances afin de prendre les meilleures d\u00e9cisions possibles.<\/p>\n\n\n\n<p><a href=\"http:\/\/local76000.ca\/wp-content\/uploads\/2022\/02\/XO-03-22-Pay-Equity-Act-and-Committee-Representative-S.-Burns.pdf\">La Loi sur l&#8217;\u00e9quit\u00e9 salariale et repr\u00e9sentation sur le Comit\u00e9 (m\u00e9mo en anglais de l&#8217;AFPC)<\/a><\/p>\n\n\n\n<p><a href=\"http:\/\/local76000.ca\/wp-content\/uploads\/2021\/10\/PSAC-Proposals-IDRC-September-2021.pdf\">\u00c9bauche de proposition pour la nouvelle ronde de n\u00e9gociation<\/a> (en anglais)<br>(de la 1\u00e8re rencontre de la section locale avec la direction en septembre 2021)<\/p>\n\n\n\n<p><a href=\"http:\/\/local76000.ca\/wp-content\/uploads\/2023\/09\/2025-03-31_Collective-Agreement_FR.pdf\">Convention collective 2023 CRDI-AFPC<\/a> <br>&#8211; <em><a href=\"https:\/\/local76000.ca\/fr\/reference-material\/do-you-know-your-contract\/\">Connaissez-vous votre contrat?<\/a><\/em><\/p>\n\n\n\n<p><a href=\"http:\/\/local76000.ca\/wp-content\/uploads\/2023\/11\/Local76000ByLawsNov2016FR_2020_rev.pdf\">R\u00e8glements de la Section locale 76000<\/a><\/p>\n\n\n\n<p><a href=\"http:\/\/syndicatafpc.ca\/\">Site de l&#8217;Alliance de la fonction publique du Canada<\/a><\/p>\n\n\n\n<p><a href=\"https:\/\/psacunion.ca\/sites\/psac\/files\/trousse_des_delegues_syndicaux_2017.pdf?_ga=2.140264819.1302315654.1605735854-2005963178.1592913954\">Trousse des d\u00e9l\u00e9gu\u00e9s syndicaux de l&#8217;AFPC: Orientation pour les nouveaux membres<\/a><\/p>\n\n\n\n<p><a href=\"https:\/\/lois-laws.justice.gc.ca\/fra\/lois\/L-2\/\">Le Code canadien du travail<\/a><\/p>\n\n\n\n<p><a href=\"http:\/\/www.cirb-ccri.gc.ca\/eic\/site\/047.nsf\/fra\/accueil\">Le Conseil canadien des relations industrielles (CCRI)<\/a><\/p>\n","protected":false},"excerpt":{"rendered":"<p>Voici quelques documents que vous pouvez utiliser pour accro\u00eetre vos connaissances afin de prendre les meilleures d\u00e9cisions possibles. La Loi sur l&#8217;\u00e9quit\u00e9 salariale et repr\u00e9sentation sur le Comit\u00e9 (m\u00e9mo en anglais de l&#8217;AFPC) \u00c9bauche de proposition pour la nouvelle ronde de n\u00e9gociation (en anglais)(de la 1\u00e8re rencontre de la section locale avec la direction en &hellip; <a href=\"https:\/\/local76000.ca\/fr\/reference-material\/\" class=\"more-link\">Continue reading<span class=\"screen-reader-text\"> &#8220;R\u00e9f\u00e9rences&#8221;<\/span><\/a><\/p>\n","protected":false},"author":1,"featured_media":0,"parent":0,"menu_order":0,"comment_status":"closed","ping_status":"closed","template":"","meta":{"pagelayer_contact_templates":[],"_pagelayer_content":"","footnotes":""},"class_list":["post-60","page","type-page","status-publish","hentry"],"translation":{"provider":"WPGlobus","version":"3.0.2","language":"fr","enabled_languages":["en","fr"],"languages":{"en":{"title":true,"content":true,"excerpt":false},"fr":{"title":true,"content":true,"excerpt":false}}},"_links":{"self":[{"href":"https:\/\/local76000.ca\/fr\/wp-json\/wp\/v2\/pages\/60","targetHints":{"allow":["GET"]}}],"collection":[{"href":"https:\/\/local76000.ca\/fr\/wp-json\/wp\/v2\/pages"}],"about":[{"href":"https:\/\/local76000.ca\/fr\/wp-json\/wp\/v2\/types\/page"}],"author":[{"embeddable":true,"href":"https:\/\/local76000.ca\/fr\/wp-json\/wp\/v2\/users\/1"}],"replies":[{"embeddable":true,"href":"https:\/\/local76000.ca\/fr\/wp-json\/wp\/v2\/comments?post=60"}],"version-history":[{"count":44,"href":"https:\/\/local76000.ca\/fr\/wp-json\/wp\/v2\/pages\/60\/revisions"}],"predecessor-version":[{"id":1525,"href":"https:\/\/local76000.ca\/fr\/wp-json\/wp\/v2\/pages\/60\/revisions\/1525"}],"wp:attachment":[{"href":"https:\/\/local76000.ca\/fr\/wp-json\/wp\/v2\/media?parent=60"}],"curies":[{"name":"wp","href":"https:\/\/api.w.org\/{rel}","templated":true}]}}