{"id":54,"date":"2016-01-14T04:42:45","date_gmt":"2016-01-14T04:42:45","guid":{"rendered":"http:\/\/www.local76000.ca\/?page_id=54"},"modified":"2024-10-06T14:53:38","modified_gmt":"2024-10-06T14:53:38","slug":"negotiating-team","status":"publish","type":"page","link":"https:\/\/local76000.ca\/fr\/committees\/negotiating-team\/","title":{"rendered":"\u00c9quipe de n\u00e9gociation"},"content":{"rendered":"\n<p><\/p>\n\n\n\n<p><strong>2024-2025 &#8211; \u00c9quipe de n\u00e9gociation:<\/strong><br>Mano Buckshi \/ Madiha Ahmed \/ Alexandra Eustache<\/p>\n\n\n\n<p><strong>Membres rempla\u00e7antes de l\u2019\u00e9quipe de n\u00e9gociation :<\/strong><br>Pascale Vaudrin \/ Anne Gadbois<\/p>\n\n\n\n<p><strong>N\u00e9gociateur professionnel de l&#8217;AFPC:<\/strong><br>Hassan Hussein<\/p>\n\n\n\n\n\n<p><br><strong>2023 &#8211; \u00c9quipe de n\u00e9gociation:<\/strong><br>Sean Burns \/ Madiha Ahmed \/ Greg Hallen<\/p>\n\n\n\n<p><strong>N\u00e9gociateur professionnel de l&#8217;AFPC:<\/strong><br>Hassan Hussein<\/p>\n\n\n\n\n\n<p><br><strong>2020-2022 &#8211; \u00c9quipe de n\u00e9gociation:<\/strong><br>Mano Buckshi \/ Sean Burns \/ Madiha Ahmed<\/p>\n\n\n\n<p><strong>Membre rempla\u00e7ant de l\u2019\u00e9quipe de n\u00e9gociation :<\/strong><br>Greg Hallen<\/p>\n\n\n\n<p><strong>N\u00e9gociateur professionnel de l&#8217;AFPC:<\/strong><br>Morgan Gay<\/p>\n\n\n\n\n\n<p><br><strong>2016-2018 &#8211; 1re \u00e9quipe de n\u00e9gociation:<\/strong><br>Mano Buckshi \/ Adrian Di Giovanni \/\u00a0Sara D&#8217;Arcy \/ Sean Burn<\/p>\n\n\n\n<p><strong>Membres rempla\u00e7ant de la 1re \u00e9quipe de n\u00e9gociation :<\/strong><br>Deyanira Carvajal \/ Paul Viveiros \/ Jayne Bergeron<\/p>\n","protected":false},"excerpt":{"rendered":"<p>2024-2025 &#8211; \u00c9quipe de n\u00e9gociation:Mano Buckshi \/ Madiha Ahmed \/ Alexandra Eustache Membres rempla\u00e7antes de l\u2019\u00e9quipe de n\u00e9gociation :Pascale Vaudrin \/ Anne Gadbois N\u00e9gociateur professionnel de l&#8217;AFPC:Hassan Hussein 2023 &#8211; \u00c9quipe de n\u00e9gociation:Sean Burns \/ Madiha Ahmed \/ Greg Hallen N\u00e9gociateur professionnel de l&#8217;AFPC:Hassan Hussein 2020-2022 &#8211; \u00c9quipe de n\u00e9gociation:Mano Buckshi \/ Sean Burns \/ &hellip; <a href=\"https:\/\/local76000.ca\/fr\/committees\/negotiating-team\/\" class=\"more-link\">Continue reading<span class=\"screen-reader-text\"> &#8220;\u00c9quipe de n\u00e9gociation&#8221;<\/span><\/a><\/p>\n","protected":false},"author":1,"featured_media":0,"parent":45,"menu_order":0,"comment_status":"closed","ping_status":"closed","template":"","meta":{"pagelayer_contact_templates":[],"_pagelayer_content":"","footnotes":""},"class_list":["post-54","page","type-page","status-publish","hentry"],"translation":{"provider":"WPGlobus","version":"3.0.2","language":"fr","enabled_languages":["en","fr"],"languages":{"en":{"title":true,"content":true,"excerpt":false},"fr":{"title":true,"content":true,"excerpt":false}}},"_links":{"self":[{"href":"https:\/\/local76000.ca\/fr\/wp-json\/wp\/v2\/pages\/54","targetHints":{"allow":["GET"]}}],"collection":[{"href":"https:\/\/local76000.ca\/fr\/wp-json\/wp\/v2\/pages"}],"about":[{"href":"https:\/\/local76000.ca\/fr\/wp-json\/wp\/v2\/types\/page"}],"author":[{"embeddable":true,"href":"https:\/\/local76000.ca\/fr\/wp-json\/wp\/v2\/users\/1"}],"replies":[{"embeddable":true,"href":"https:\/\/local76000.ca\/fr\/wp-json\/wp\/v2\/comments?post=54"}],"version-history":[{"count":18,"href":"https:\/\/local76000.ca\/fr\/wp-json\/wp\/v2\/pages\/54\/revisions"}],"predecessor-version":[{"id":1562,"href":"https:\/\/local76000.ca\/fr\/wp-json\/wp\/v2\/pages\/54\/revisions\/1562"}],"up":[{"embeddable":true,"href":"https:\/\/local76000.ca\/fr\/wp-json\/wp\/v2\/pages\/45"}],"wp:attachment":[{"href":"https:\/\/local76000.ca\/fr\/wp-json\/wp\/v2\/media?parent=54"}],"curies":[{"name":"wp","href":"https:\/\/api.w.org\/{rel}","templated":true}]}}