{"id":539,"date":"2016-12-01T21:34:03","date_gmt":"2016-12-01T21:34:03","guid":{"rendered":"http:\/\/www.local76000.ca\/?page_id=539"},"modified":"2022-10-31T15:01:39","modified_gmt":"2022-10-31T15:01:39","slug":"local-executive-meetings","status":"publish","type":"page","link":"https:\/\/local76000.ca\/fr\/executive-team\/local-executive-meetings\/","title":{"rendered":"R\u00e9unions de l&#8217;ex\u00e9cutif local"},"content":{"rendered":"<p><span style=\"color: #202020;\"><span style=\"font-family: Arial, serif;\"><span lang=\"fr-CA\">Conform\u00e9ment \u00e0 nos statuts, nous tenons \u00e0 vous informer que les r\u00e9unions de l&#8217;Ex\u00e9cutif sont ouvertes \u00e0 tous les membres en r\u00e8gle.<\/span><\/span><\/span><\/p>\n<p><span style=\"color: #202020;\"><span style=\"font-family: Arial, serif;\"><span lang=\"fr-CA\">Notre objectif est de tenir une r\u00e9union par mois, le premier mercredi du mois (sauf en juillet, ao\u00fbt et janvier). Si le quorum pour le comit\u00e9 ex\u00e9cutif n&#8217;est pas possible pour cette journ\u00e9e, nous tiendrons la r\u00e9union le jeudi ou le vendredi qui suivent.<\/span><\/span><\/span><\/p>\n<p><span style=\"color: #202020;\"><span style=\"font-family: Arial, serif;\"><span lang=\"fr-CA\">Si vous pr\u00e9voyez assister \u00e0 l&#8217;une de ces r\u00e9unions, veuillez-nous en faire part au moins 2 jours avant la date de la r\u00e9union, \u00e0 l&#8217;adresse <\/span><\/span><\/span><a href=\"mailto:contact@local76000.ca\"><span style=\"font-family: Arial, serif;\"><span lang=\"fr-CA\">contact@local76000.ca<\/span><\/span><\/a><span style=\"color: #202020;\"><span style=\"font-family: Arial, serif;\"><span lang=\"fr-CA\">, car l&#8217;espace de s\u00e9ance sera limit\u00e9. Cela nous permettra de d\u00e9cider si nous devons r\u00e9server une salle de r\u00e9union plus grande pour cette semaine.<\/span><\/span><\/span><\/p>\n<p><span style=\"color: #202020;\"><span style=\"font-family: Arial, serif;\"><span lang=\"fr-CA\">Pour les coll\u00e8gues des bureaux r\u00e9gionaux, si vous \u00eates \u00e0 Ottawa pendant une semaine de r\u00e9union, pensez \u00e0 vous joindre \u00e0 nous!<\/span><\/span><\/span><\/p>\n","protected":false},"excerpt":{"rendered":"<p>Conform\u00e9ment \u00e0 nos statuts, nous tenons \u00e0 vous informer que les r\u00e9unions de l&#8217;Ex\u00e9cutif sont ouvertes \u00e0 tous les membres en r\u00e8gle. Notre objectif est de tenir une r\u00e9union par mois, le premier mercredi du mois (sauf en juillet, ao\u00fbt et janvier). Si le quorum pour le comit\u00e9 ex\u00e9cutif n&#8217;est pas possible pour cette journ\u00e9e, &hellip; <a href=\"https:\/\/local76000.ca\/fr\/executive-team\/local-executive-meetings\/\" class=\"more-link\">Continue reading<span class=\"screen-reader-text\"> &#8220;R\u00e9unions de l&#8217;ex\u00e9cutif local&#8221;<\/span><\/a><\/p>\n","protected":false},"author":1,"featured_media":0,"parent":51,"menu_order":0,"comment_status":"closed","ping_status":"closed","template":"","meta":{"pagelayer_contact_templates":[],"_pagelayer_content":"","footnotes":""},"class_list":["post-539","page","type-page","status-publish","hentry"],"translation":{"provider":"WPGlobus","version":"3.0.2","language":"fr","enabled_languages":["en","fr"],"languages":{"en":{"title":true,"content":true,"excerpt":false},"fr":{"title":true,"content":true,"excerpt":false}}},"_links":{"self":[{"href":"https:\/\/local76000.ca\/fr\/wp-json\/wp\/v2\/pages\/539","targetHints":{"allow":["GET"]}}],"collection":[{"href":"https:\/\/local76000.ca\/fr\/wp-json\/wp\/v2\/pages"}],"about":[{"href":"https:\/\/local76000.ca\/fr\/wp-json\/wp\/v2\/types\/page"}],"author":[{"embeddable":true,"href":"https:\/\/local76000.ca\/fr\/wp-json\/wp\/v2\/users\/1"}],"replies":[{"embeddable":true,"href":"https:\/\/local76000.ca\/fr\/wp-json\/wp\/v2\/comments?post=539"}],"version-history":[{"count":6,"href":"https:\/\/local76000.ca\/fr\/wp-json\/wp\/v2\/pages\/539\/revisions"}],"predecessor-version":[{"id":1263,"href":"https:\/\/local76000.ca\/fr\/wp-json\/wp\/v2\/pages\/539\/revisions\/1263"}],"up":[{"embeddable":true,"href":"https:\/\/local76000.ca\/fr\/wp-json\/wp\/v2\/pages\/51"}],"wp:attachment":[{"href":"https:\/\/local76000.ca\/fr\/wp-json\/wp\/v2\/media?parent=539"}],"curies":[{"name":"wp","href":"https:\/\/api.w.org\/{rel}","templated":true}]}}