{"id":26,"date":"2016-01-14T01:53:11","date_gmt":"2016-01-14T01:53:11","guid":{"rendered":"http:\/\/www.local76000.ca\/?page_id=26"},"modified":"2025-10-25T14:38:28","modified_gmt":"2025-10-25T14:38:28","slug":"welcome","status":"publish","type":"page","link":"https:\/\/local76000.ca\/fr\/","title":{"rendered":"AFPC Local 76000"},"content":{"rendered":"<p>La section locale 76000 repr\u00e9sente le personnel \u00e9ligible du Centre de recherche pour le d\u00e9veloppement international.<\/p>\n<p>Si vous ne l&#8217;avez pas d\u00e9j\u00e0 fait, s&#8217;il vous pla\u00eet nous fournir votre adresse courriel personnelle au &#8216;contact at local76000.ca&#8217; (pas un courriel du CRDI) ou \u00e0 un membre de l&#8217;ex\u00e9cutif de sorte que nous puissions vous tenir inform\u00e9s.<\/p>\n<p><strong>AVIS:<\/strong> <a href=\"https:\/\/local76000.ca\/fr\/avis-concernant-lassemblee-generale-annuelle-2025-et-les-elections-des-postes-de-lexecutif\/\">A<span class=\"TextRun SCXW147203873 BCX8\" lang=\"FR-CA\" xml:lang=\"FR-CA\" data-contrast=\"none\"><span class=\"NormalTextRun SCXW147203873 BCX8\">ssembl\u00e9e g\u00e9n\u00e9rale <\/span><span class=\"NormalTextRun SCXW147203873 BCX8\">annuell<\/span><span class=\"NormalTextRun SCXW147203873 BCX8\">e<\/span> <span class=\"NormalTextRun SCXW147203873 BCX8\">202<\/span><span class=\"NormalTextRun SCXW147203873 BCX8\">5<\/span> <span class=\"NormalTextRun SCXW147203873 BCX8\">et les \u00e9lections des postes de l\u2019ex\u00e9cutif<\/span><\/span><\/a><span class=\"EOP SCXW147203873 BCX8\" data-ccp-props=\"{&quot;201341983&quot;:0,&quot;335559740&quot;:240}\">\u00a0<\/span><\/p>\n<p style=\"text-align: center;\">***************<\/p>\n<p><iframe loading=\"lazy\" title=\"\u00c0 propos de l&#039;AFPC\" width=\"840\" height=\"473\" src=\"https:\/\/www.youtube.com\/embed\/ga2STC7Vtfg?feature=oembed\" frameborder=\"0\" allow=\"accelerometer; autoplay; clipboard-write; encrypted-media; gyroscope; picture-in-picture; web-share\" referrerpolicy=\"strict-origin-when-cross-origin\" allowfullscreen><\/iframe><\/p>\n<p><iframe loading=\"lazy\" title=\"Victoires de l\u2019AFPC\" width=\"840\" height=\"473\" src=\"https:\/\/www.youtube.com\/embed\/uXOYtRo4SEg?feature=oembed\" frameborder=\"0\" allow=\"accelerometer; autoplay; clipboard-write; encrypted-media; gyroscope; picture-in-picture; web-share\" referrerpolicy=\"strict-origin-when-cross-origin\" allowfullscreen><\/iframe><\/p>\n","protected":false},"excerpt":{"rendered":"<p>La section locale 76000 repr\u00e9sente le personnel \u00e9ligible du Centre de recherche pour le d\u00e9veloppement international. Si vous ne l&#8217;avez pas d\u00e9j\u00e0 fait, s&#8217;il vous pla\u00eet nous fournir votre adresse courriel personnelle au &#8216;contact at local76000.ca&#8217; (pas un courriel du CRDI) ou \u00e0 un membre de l&#8217;ex\u00e9cutif de sorte que nous puissions vous tenir inform\u00e9s. &hellip; <a href=\"https:\/\/local76000.ca\/fr\/\" class=\"more-link\">Continue reading<span class=\"screen-reader-text\"> &#8220;AFPC Local 76000&#8221;<\/span><\/a><\/p>\n","protected":false},"author":1,"featured_media":0,"parent":0,"menu_order":0,"comment_status":"closed","ping_status":"closed","template":"","meta":{"pagelayer_contact_templates":[],"_pagelayer_content":"","footnotes":""},"class_list":["post-26","page","type-page","status-publish","hentry"],"translation":{"provider":"WPGlobus","version":"3.0.2","language":"fr","enabled_languages":["en","fr"],"languages":{"en":{"title":true,"content":true,"excerpt":false},"fr":{"title":true,"content":true,"excerpt":false}}},"_links":{"self":[{"href":"https:\/\/local76000.ca\/fr\/wp-json\/wp\/v2\/pages\/26","targetHints":{"allow":["GET"]}}],"collection":[{"href":"https:\/\/local76000.ca\/fr\/wp-json\/wp\/v2\/pages"}],"about":[{"href":"https:\/\/local76000.ca\/fr\/wp-json\/wp\/v2\/types\/page"}],"author":[{"embeddable":true,"href":"https:\/\/local76000.ca\/fr\/wp-json\/wp\/v2\/users\/1"}],"replies":[{"embeddable":true,"href":"https:\/\/local76000.ca\/fr\/wp-json\/wp\/v2\/comments?post=26"}],"version-history":[{"count":89,"href":"https:\/\/local76000.ca\/fr\/wp-json\/wp\/v2\/pages\/26\/revisions"}],"predecessor-version":[{"id":1695,"href":"https:\/\/local76000.ca\/fr\/wp-json\/wp\/v2\/pages\/26\/revisions\/1695"}],"wp:attachment":[{"href":"https:\/\/local76000.ca\/fr\/wp-json\/wp\/v2\/media?parent=26"}],"curies":[{"name":"wp","href":"https:\/\/api.w.org\/{rel}","templated":true}]}}