{"id":1682,"date":"2025-10-25T14:23:29","date_gmt":"2025-10-25T14:23:29","guid":{"rendered":"https:\/\/local76000.ca\/?page_id=1682"},"modified":"2025-10-25T14:32:11","modified_gmt":"2025-10-25T14:32:11","slug":"avis-concernant-lassemblee-generale-annuelle-2025-et-les-elections-des-postes-de-lexecutif","status":"publish","type":"page","link":"https:\/\/local76000.ca\/fr\/avis-concernant-lassemblee-generale-annuelle-2025-et-les-elections-des-postes-de-lexecutif\/","title":{"rendered":"Avis concernant l\u2019Assembl\u00e9e g\u00e9n\u00e9rale annuelle 2025 et les \u00e9lections des postes de l\u2019ex\u00e9cutif\u00a0"},"content":{"rendered":"\n<p><strong>Date:<\/strong> 3 d\u00e9cembre 2025 <strong>Heure:<\/strong> 8 h 30 <strong>Lieu:<\/strong> Hybride (un lien sera envoy\u00e9 aux membres)&nbsp;<\/p>\n\n\n\n<p>Le personnel du CRDI affili\u00e9 \u00e0 l&#8217;Alliance de la Fonction publique du Canada (AFPC) est convi\u00e9 \u00e0 une Assembl\u00e9e g\u00e9n\u00e9rale annuelle (AGA) de la section locale 76000.&nbsp;<\/p>\n\n\n\n<p><strong>Ordre du jour propos\u00e9<\/strong>&nbsp;<\/p>\n\n\n\n<ol class=\"wp-block-list\">\n<li>Approbation du proc\u00e8s-verbal du 27 novembre 2024&nbsp;<\/li>\n\n\n\n<li>Pr\u00e9sentation du rapport financier et de l\u2019ex\u00e9cutif \u00e0 l&#8217;approbation des membres&nbsp;<\/li>\n\n\n\n<li>Vote des membres sur les motions&nbsp;<\/li>\n\n\n\n<li>\u00c9lection de postes ouverts de l\u2019ex\u00e9cutif&nbsp;<\/li>\n<\/ol>\n\n\n\n<p><strong>Postes de la section locale 76000 ouverts \u00e0 l\u2019\u00e9lection&nbsp;<\/strong>&nbsp;<\/p>\n\n\n\n<p>Nous incitons tous nos membres \u00e0 poser leur candidature pour l&#8217;un des postes \u00e9num\u00e9r\u00e9s ci-dessous. Nous encourageons et avons besoin de divers points de vue et comp\u00e9tences, ainsi que de votre engagement pour aller de l&#8217;avant.&nbsp;<\/p>\n\n\n\n<ul class=\"wp-block-list\">\n<li><a href=\"https:\/\/local76000.ca\/fr\/executive-team\/candidate-profile-president\/\" target=\"_blank\" rel=\"noreferrer noopener\">Pr\u00e9sident.e<\/a>&nbsp;<\/li>\n\n\n\n<li><a href=\"https:\/\/local76000.ca\/fr\/executive-team\/candidate-profile-health-and-safety-officer\/\" target=\"_blank\" rel=\"noreferrer noopener\">Repr\u00e9sentant.e sant\u00e9 et s\u00e9curit\u00e9<\/a>&nbsp;<\/li>\n\n\n\n<li><a href=\"http:\/\/local76000.ca\/fr\/executive-team\/candidate-profile-regional-shop-steward\/\" target=\"_blank\" rel=\"noreferrer noopener\">D\u00e9l\u00e9gu\u00e9.e<\/a>, BRAFO&nbsp;<\/li>\n\n\n\n<li><a href=\"http:\/\/local76000.ca\/fr\/executive-team\/candidate-profile-regional-shop-steward\/\" target=\"_blank\" rel=\"noreferrer noopener\">D\u00e9l\u00e9gu\u00e9.e<\/a>, BRA&nbsp;<\/li>\n<\/ul>\n\n\n\n<p><strong>Proc\u00e9dures de vote<\/strong>&nbsp;<\/p>\n\n\n\n<p>Seuls les membres en r\u00e8gle auront le droit d&#8217;\u00e9lire les candidats \u00e0 l\u2019ex\u00e9cutif. <\/p>\n\n\n\n<p><strong><em>N.B. Les documents \u00e0 l&#8217;appui de l&#8217;AGA seront disponibles 10 jours avant l\u2019\u00e9v\u00e8nement<\/em><\/strong>.<\/p>\n\n\n\n<p>Nous avons besoin de votre soutien en assistant \u00e0 l&#8217;AGA et en votant !&nbsp;<\/p>\n\n\n\n<p>Votre comit\u00e9 ex\u00e9cutif, section locale 76000 A.F.P.C.&nbsp;<\/p>\n","protected":false},"excerpt":{"rendered":"<p>Date: 3 d\u00e9cembre 2025 Heure: 8 h 30 Lieu: Hybride (un lien sera envoy\u00e9 aux membres)&nbsp; Le personnel du CRDI affili\u00e9 \u00e0 l&#8217;Alliance de la Fonction publique du Canada (AFPC) est convi\u00e9 \u00e0 une Assembl\u00e9e g\u00e9n\u00e9rale annuelle (AGA) de la section locale 76000.&nbsp; Ordre du jour propos\u00e9&nbsp; Postes de la section locale 76000 ouverts \u00e0 &hellip; <a href=\"https:\/\/local76000.ca\/fr\/avis-concernant-lassemblee-generale-annuelle-2025-et-les-elections-des-postes-de-lexecutif\/\" class=\"more-link\">Continue reading<span class=\"screen-reader-text\"> &#8220;Avis concernant l\u2019Assembl\u00e9e g\u00e9n\u00e9rale annuelle 2025 et les \u00e9lections des postes de l\u2019ex\u00e9cutif\u00a0&#8220;<\/span><\/a><\/p>\n","protected":false},"author":1,"featured_media":0,"parent":0,"menu_order":0,"comment_status":"closed","ping_status":"closed","template":"","meta":{"pagelayer_contact_templates":[],"_pagelayer_content":"","footnotes":""},"class_list":["post-1682","page","type-page","status-publish","hentry"],"translation":{"provider":"WPGlobus","version":"3.0.2","language":"fr","enabled_languages":["en","fr"],"languages":{"en":{"title":true,"content":true,"excerpt":false},"fr":{"title":true,"content":true,"excerpt":false}}},"_links":{"self":[{"href":"https:\/\/local76000.ca\/fr\/wp-json\/wp\/v2\/pages\/1682","targetHints":{"allow":["GET"]}}],"collection":[{"href":"https:\/\/local76000.ca\/fr\/wp-json\/wp\/v2\/pages"}],"about":[{"href":"https:\/\/local76000.ca\/fr\/wp-json\/wp\/v2\/types\/page"}],"author":[{"embeddable":true,"href":"https:\/\/local76000.ca\/fr\/wp-json\/wp\/v2\/users\/1"}],"replies":[{"embeddable":true,"href":"https:\/\/local76000.ca\/fr\/wp-json\/wp\/v2\/comments?post=1682"}],"version-history":[{"count":8,"href":"https:\/\/local76000.ca\/fr\/wp-json\/wp\/v2\/pages\/1682\/revisions"}],"predecessor-version":[{"id":1692,"href":"https:\/\/local76000.ca\/fr\/wp-json\/wp\/v2\/pages\/1682\/revisions\/1692"}],"wp:attachment":[{"href":"https:\/\/local76000.ca\/fr\/wp-json\/wp\/v2\/media?parent=1682"}],"curies":[{"name":"wp","href":"https:\/\/api.w.org\/{rel}","templated":true}]}}