{"id":1640,"date":"2025-06-30T15:20:05","date_gmt":"2025-06-30T15:20:05","guid":{"rendered":"https:\/\/local76000.ca\/?page_id=1640"},"modified":"2025-06-30T15:51:08","modified_gmt":"2025-06-30T15:51:08","slug":"2021-2023-bargaining-round","status":"publish","type":"page","link":"https:\/\/local76000.ca\/fr\/bargaining\/2021-2023-bargaining-round\/","title":{"rendered":"Ronde de n\u00e9go 2021-2023"},"content":{"rendered":"\n<p><strong><a href=\"https:\/\/local76000.ca\/fr\/bargaining\/signature-ceremony\/\">C\u00c9R\u00c9MONIE DE SIGNATURES<\/a><\/strong> (13 septembre 2023)<\/p>\n\n\n\n<p><\/p>\n\n\n\n<p>2023-07-08: <a href=\"http:\/\/local76000.ca\/wp-content\/uploads\/2023\/07\/Bargaining-Update-July-8-2023.pdf\">Accord de principe conclu<\/a><\/p>\n\n\n\n<p>2023-06-15: <a href=\"http:\/\/local76000.ca\/wp-content\/uploads\/2023\/07\/Bargaining-Update-June-15-2023.pdf\">Certains progr\u00e8s en m\u00e9diation<\/a><\/p>\n\n\n\n<p>2023-05-19: <a href=\"http:\/\/local76000.ca\/wp-content\/uploads\/2023\/05\/Bargaining-Update-May-19-2023.pdf\">La conciliation avec un tiers n&#8217;a pas abouti \u00e0 un accord<\/a><\/p>\n\n\n\n<p><a href=\"https:\/\/local76000.ca\/fr\/bargaining\/day-of-action-on-march-28-2023\/\"><strong>PHOTOS &#8211; JOURN\u00c9E D&#8217;ACTION<\/strong><\/a> (28 mars 2023)<\/p>\n\n\n\n<p>2023-03-17: <a href=\"http:\/\/local76000.ca\/wp-content\/uploads\/2023\/03\/Bargaining-Update-March-17-2023-Impasse.pdf\">Les n\u00e9gociations aboutissent \u00e0 une impasse: Le syndicat demande une conciliation<\/a><\/p>\n\n\n\n<p>2023-03-06: <a href=\"http:\/\/local76000.ca\/wp-content\/uploads\/2023\/03\/Bargaining-Update-March-2023.pdf\">Les n\u00e9gociations contractuelles \u00e0 la crois\u00e9e des chemins<\/a><\/p>\n\n\n\n<p>2023-02-15: <a href=\"http:\/\/local76000.ca\/wp-content\/uploads\/2023\/02\/Bargaining-Update-Feb-2023.pdf\">Les pourparlers contractuels se poursuivent:<strong> <\/strong>L&#8217;employeur d\u00e9pose une proposition salariale<\/a><\/p>\n\n\n\n<p>2023-01-23: <a href=\"http:\/\/local76000.ca\/wp-content\/uploads\/2023\/01\/Bargaining-Update-Jan-2023.pdf\">Reprise des n\u00e9gociations<\/a><\/p>\n\n\n\n<p>2022-10-21: <a href=\"http:\/\/local76000.ca\/wp-content\/uploads\/2022\/10\/IDRC-Bargaining-Update-October-24-2022.pdf\">Le syndicat d\u00e9pose des propositions globales sur le personnel \u00e0 l\u2019\u00e9tranger<\/a><\/p>\n\n\n\n<p>2022-09-21: <a href=\"http:\/\/local76000.ca\/wp-content\/uploads\/2022\/09\/IDRC-Bargaining-Update-September-21-2022.pdf\">Discussions sur les probl\u00e8mes du personnel \u00e0 l\u2019\u00e9tranger<\/a><\/p>\n\n\n\n<p><a href=\"https:\/\/local76000.ca\/fr\/bargaining\/resume-du-progres-des-negociations-en-date-du-12-sept-2022\/\"><strong>R\u00c9SUM\u00c9 DU PROGR\u00c8S<\/strong><\/a> (en date du 12 septembre 2022)<\/p>\n\n\n\n<p>2022-07-22: <a href=\"http:\/\/local76000.ca\/wp-content\/uploads\/2022\/07\/IDRC-Bargaining-Update-July-22-2022.pdf\">Le Centre fait pression pour obtenir des concessions<\/a><\/p>\n\n\n\n<p>2022-06-22: <a href=\"http:\/\/local76000.ca\/wp-content\/uploads\/2022\/06\/IDRC-Bargaining-Update-June-22-2022.pdf\">L&#8217;\u00e9quipe de n\u00e9gociation d\u00e9pose des propositions salariales<\/a><\/p>\n\n\n\n<p>2022-06-15: <a href=\"http:\/\/local76000.ca\/wp-content\/uploads\/2022\/06\/IDRC-Update-June-15-2022.pdf\">Le syndicat intente une action en justice concernant les modifications apport\u00e9es au t\u00e9l\u00e9travail<\/a><\/p>\n\n\n\n<p>2022-04-22: <a href=\"http:\/\/local76000.ca\/wp-content\/uploads\/2022\/04\/IDRC-Update-April-25-2022.pdf\">Le syndicat met le Centre en demeure concernant le t\u00e9l\u00e9travail<\/a><\/p>\n\n\n\n<p>2022-04-14: <a href=\"http:\/\/local76000.ca\/wp-content\/uploads\/2022\/04\/IDRC-Bargaining-The-Union-Wont-Let-Me-April-2022.pdf\">\u00ab Je le ferais, mais le syndicat ne me laissera pas\u2026 \u00bb<\/a><\/p>\n\n\n\n<p>2022-03-09: <a href=\"http:\/\/local76000.ca\/wp-content\/uploads\/2022\/03\/IDRC-Update-March-9-2022.pdf\">Le perfectionnement professionnel discut\u00e9 lundi<\/a><\/p>\n\n\n\n<p>2022-02-01: <a href=\"http:\/\/local76000.ca\/wp-content\/uploads\/2022\/02\/IDRC-Bargaining-Update-February-2022.pdf\">D\u00e9p\u00f4t de propositions d&#8217;avancement de carri\u00e8re<\/a><\/p>\n\n\n\n<p>2021-12-06: <a href=\"http:\/\/local76000.ca\/wp-content\/uploads\/2021\/12\/IDRC-Bargaining-Update-December-2021.pdf\">Progr\u00e8s timides \u00e0 la table<\/a><\/p>\n\n\n\n<p>2021-11-15: <a href=\"http:\/\/local76000.ca\/wp-content\/uploads\/2021\/11\/IDRC-Bargaining-Update-November-2021.pdf\">Reprise des pourparlers<\/a><\/p>\n\n\n\n<p>2021-10-18: <a href=\"http:\/\/local76000.ca\/wp-content\/uploads\/2021\/10\/IDRC-Membership-Update-October-2021.pdf\">Les n\u00e9gos portent sur le t\u00e9l\u00e9travail et la vaccination<\/a><\/p>\n\n\n\n<p>2021-09-16: <a href=\"http:\/\/local76000.ca\/wp-content\/uploads\/2021\/09\/IDRC-First-Bargaining-Session-September-2021.pdf\">D\u00e9p\u00f4t des revendications en vue d\u2019un nouveau contrat<\/a><\/p>\n\n\n\n<p>2021-06-30: <a href=\"http:\/\/local76000.ca\/wp-content\/uploads\/2021\/06\/IDRC-Getting-ready-to-Bargain-June-2021_bilingual.pdf\">On se pr\u00e9pare pour les n\u00e9gociations<\/a><\/p>\n\n\n\n<p>2021-03-17: <a href=\"http:\/\/local76000.ca\/wp-content\/uploads\/2021\/03\/IDRC-March-2021-Union-Serves-Notice-1.pdf\">Le syndicat d\u00e9pose l\u2019avis de n\u00e9gocier<\/a><\/p>\n\n\n\n<p><\/p>\n","protected":false},"excerpt":{"rendered":"<p>C\u00c9R\u00c9MONIE DE SIGNATURES (13 septembre 2023) 2023-07-08: Accord de principe conclu 2023-06-15: Certains progr\u00e8s en m\u00e9diation 2023-05-19: La conciliation avec un tiers n&#8217;a pas abouti \u00e0 un accord PHOTOS &#8211; JOURN\u00c9E D&#8217;ACTION (28 mars 2023) 2023-03-17: Les n\u00e9gociations aboutissent \u00e0 une impasse: Le syndicat demande une conciliation 2023-03-06: Les n\u00e9gociations contractuelles \u00e0 la crois\u00e9e des &hellip; <a href=\"https:\/\/local76000.ca\/fr\/bargaining\/2021-2023-bargaining-round\/\" class=\"more-link\">Continue reading<span class=\"screen-reader-text\"> &#8220;Ronde de n\u00e9go 2021-2023&#8221;<\/span><\/a><\/p>\n","protected":false},"author":1,"featured_media":0,"parent":469,"menu_order":0,"comment_status":"closed","ping_status":"closed","template":"","meta":{"pagelayer_contact_templates":[],"_pagelayer_content":"","footnotes":""},"class_list":["post-1640","page","type-page","status-publish","hentry"],"translation":{"provider":"WPGlobus","version":"3.0.2","language":"fr","enabled_languages":["en","fr"],"languages":{"en":{"title":true,"content":true,"excerpt":false},"fr":{"title":true,"content":true,"excerpt":false}}},"_links":{"self":[{"href":"https:\/\/local76000.ca\/fr\/wp-json\/wp\/v2\/pages\/1640","targetHints":{"allow":["GET"]}}],"collection":[{"href":"https:\/\/local76000.ca\/fr\/wp-json\/wp\/v2\/pages"}],"about":[{"href":"https:\/\/local76000.ca\/fr\/wp-json\/wp\/v2\/types\/page"}],"author":[{"embeddable":true,"href":"https:\/\/local76000.ca\/fr\/wp-json\/wp\/v2\/users\/1"}],"replies":[{"embeddable":true,"href":"https:\/\/local76000.ca\/fr\/wp-json\/wp\/v2\/comments?post=1640"}],"version-history":[{"count":7,"href":"https:\/\/local76000.ca\/fr\/wp-json\/wp\/v2\/pages\/1640\/revisions"}],"predecessor-version":[{"id":1652,"href":"https:\/\/local76000.ca\/fr\/wp-json\/wp\/v2\/pages\/1640\/revisions\/1652"}],"up":[{"embeddable":true,"href":"https:\/\/local76000.ca\/fr\/wp-json\/wp\/v2\/pages\/469"}],"wp:attachment":[{"href":"https:\/\/local76000.ca\/fr\/wp-json\/wp\/v2\/media?parent=1640"}],"curies":[{"name":"wp","href":"https:\/\/api.w.org\/{rel}","templated":true}]}}