{"id":1515,"date":"2024-04-15T12:52:51","date_gmt":"2024-04-15T12:52:51","guid":{"rendered":"https:\/\/local76000.ca\/?page_id=1515"},"modified":"2024-04-15T12:56:48","modified_gmt":"2024-04-15T12:56:48","slug":"do-you-know-your-contract","status":"publish","type":"page","link":"https:\/\/local76000.ca\/fr\/reference-material\/do-you-know-your-contract\/","title":{"rendered":"Connaissez-vous votre contrat?"},"content":{"rendered":"\n<p>S\u00e9rie de communications (printemps 2024):<\/p>\n\n\n\n<p><a href=\"http:\/\/Article 39 \u2013 Heures suppl\u00e9mentaires\">Article 39 \u2013 Heures suppl\u00e9mentaires<\/a><\/p>\n\n\n\n<p><a href=\"http:\/\/local76000.ca\/wp-content\/uploads\/2024\/04\/CA-Article-45-\u2013-Staffing_2024-03-11.pdf\">Article 45 \u2013 Dotation<\/a><\/p>\n\n\n\n<p><a href=\"http:\/\/local76000.ca\/wp-content\/uploads\/2024\/04\/CA-Article-54-Acting-vs.-Temporary-Assignment_2024-03-18.pdf\">Article 54 Affectation d\u2019int\u00e9rim vs. temporaire<\/a><\/p>\n\n\n\n<p><a href=\"http:\/\/local76000.ca\/wp-content\/uploads\/2024\/04\/CA-Article-Memo-Term-Positions_2024-04-02.pdf\">Protocole \u2013 Postes \u00e0 dur\u00e9e d\u00e9termin\u00e9e<\/a><\/p>\n","protected":false},"excerpt":{"rendered":"<p>S\u00e9rie de communications (printemps 2024): Article 39 \u2013 Heures suppl\u00e9mentaires Article 45 \u2013 Dotation Article 54 Affectation d\u2019int\u00e9rim vs. temporaire Protocole \u2013 Postes \u00e0 dur\u00e9e d\u00e9termin\u00e9e<\/p>\n","protected":false},"author":1,"featured_media":0,"parent":60,"menu_order":0,"comment_status":"closed","ping_status":"closed","template":"","meta":{"pagelayer_contact_templates":[],"_pagelayer_content":"","footnotes":""},"class_list":["post-1515","page","type-page","status-publish","hentry"],"translation":{"provider":"WPGlobus","version":"3.0.2","language":"fr","enabled_languages":["en","fr"],"languages":{"en":{"title":true,"content":true,"excerpt":false},"fr":{"title":true,"content":true,"excerpt":false}}},"_links":{"self":[{"href":"https:\/\/local76000.ca\/fr\/wp-json\/wp\/v2\/pages\/1515","targetHints":{"allow":["GET"]}}],"collection":[{"href":"https:\/\/local76000.ca\/fr\/wp-json\/wp\/v2\/pages"}],"about":[{"href":"https:\/\/local76000.ca\/fr\/wp-json\/wp\/v2\/types\/page"}],"author":[{"embeddable":true,"href":"https:\/\/local76000.ca\/fr\/wp-json\/wp\/v2\/users\/1"}],"replies":[{"embeddable":true,"href":"https:\/\/local76000.ca\/fr\/wp-json\/wp\/v2\/comments?post=1515"}],"version-history":[{"count":4,"href":"https:\/\/local76000.ca\/fr\/wp-json\/wp\/v2\/pages\/1515\/revisions"}],"predecessor-version":[{"id":1523,"href":"https:\/\/local76000.ca\/fr\/wp-json\/wp\/v2\/pages\/1515\/revisions\/1523"}],"up":[{"embeddable":true,"href":"https:\/\/local76000.ca\/fr\/wp-json\/wp\/v2\/pages\/60"}],"wp:attachment":[{"href":"https:\/\/local76000.ca\/fr\/wp-json\/wp\/v2\/media?parent=1515"}],"curies":[{"name":"wp","href":"https:\/\/api.w.org\/{rel}","templated":true}]}}