{"id":1459,"date":"2023-09-19T16:55:20","date_gmt":"2023-09-19T16:55:20","guid":{"rendered":"https:\/\/local76000.ca\/?page_id=1459"},"modified":"2025-06-30T18:43:06","modified_gmt":"2025-06-30T18:43:06","slug":"day-of-action-on-march-28-2023","status":"publish","type":"page","link":"https:\/\/local76000.ca\/fr\/bargaining\/2021-2023-bargaining-round\/day-of-action-on-march-28-2023\/","title":{"rendered":"Journ\u00e9e d\u2019action du 28 mars 2023"},"content":{"rendered":"\n<h3 class=\"wp-block-heading\">&#8230;exprimant<strong>&nbsp;notre solidarit\u00e9 et nous unir pour un contrat \u00e9quitable !&nbsp;<\/strong><\/h3>\n\n\n\n<figure class=\"wp-block-gallery has-nested-images columns-default is-cropped wp-block-gallery-1 is-layout-flex wp-block-gallery-is-layout-flex\">\n<figure class=\"wp-block-image size-large\"><img loading=\"lazy\" decoding=\"async\" width=\"1024\" height=\"683\" data-id=\"1341\" src=\"https:\/\/local76000.ca\/wp-content\/uploads\/2023\/04\/IDRC-March-28-action-2023-2-1024x683.jpg\" alt=\"\" class=\"wp-image-1341\" srcset=\"https:\/\/local76000.ca\/wp-content\/uploads\/2023\/04\/IDRC-March-28-action-2023-2-1024x683.jpg 1024w, https:\/\/local76000.ca\/wp-content\/uploads\/2023\/04\/IDRC-March-28-action-2023-2-300x200.jpg 300w, https:\/\/local76000.ca\/wp-content\/uploads\/2023\/04\/IDRC-March-28-action-2023-2-768x512.jpg 768w, https:\/\/local76000.ca\/wp-content\/uploads\/2023\/04\/IDRC-March-28-action-2023-2-1536x1024.jpg 1536w, https:\/\/local76000.ca\/wp-content\/uploads\/2023\/04\/IDRC-March-28-action-2023-2-2048x1365.jpg 2048w, https:\/\/local76000.ca\/wp-content\/uploads\/2023\/04\/IDRC-March-28-action-2023-2-1200x800.jpg 1200w\" sizes=\"auto, (max-width: 709px) 85vw, (max-width: 909px) 67vw, (max-width: 1362px) 62vw, 840px\" \/><figcaption class=\"wp-element-caption\">Alex Silas (VP NRC PSAC)<\/figcaption><\/figure>\n\n\n\n<figure class=\"wp-block-image size-large\"><img loading=\"lazy\" decoding=\"async\" width=\"1024\" height=\"683\" data-id=\"1340\" src=\"https:\/\/local76000.ca\/wp-content\/uploads\/2023\/04\/IDRC-March-28-action-2023-3-1024x683.jpg\" alt=\"\" class=\"wp-image-1340\" srcset=\"https:\/\/local76000.ca\/wp-content\/uploads\/2023\/04\/IDRC-March-28-action-2023-3-1024x683.jpg 1024w, https:\/\/local76000.ca\/wp-content\/uploads\/2023\/04\/IDRC-March-28-action-2023-3-300x200.jpg 300w, https:\/\/local76000.ca\/wp-content\/uploads\/2023\/04\/IDRC-March-28-action-2023-3-768x512.jpg 768w, https:\/\/local76000.ca\/wp-content\/uploads\/2023\/04\/IDRC-March-28-action-2023-3-1536x1024.jpg 1536w, https:\/\/local76000.ca\/wp-content\/uploads\/2023\/04\/IDRC-March-28-action-2023-3-2048x1365.jpg 2048w, https:\/\/local76000.ca\/wp-content\/uploads\/2023\/04\/IDRC-March-28-action-2023-3-1200x800.jpg 1200w\" sizes=\"auto, (max-width: 709px) 85vw, (max-width: 909px) 67vw, (max-width: 1362px) 62vw, 840px\" \/><\/figure>\n\n\n\n<figure class=\"wp-block-image size-large\"><img loading=\"lazy\" decoding=\"async\" width=\"1024\" height=\"683\" data-id=\"1339\" src=\"https:\/\/local76000.ca\/wp-content\/uploads\/2023\/04\/IDRC-March-28-action-2023-4-1024x683.jpg\" alt=\"\" class=\"wp-image-1339\" srcset=\"https:\/\/local76000.ca\/wp-content\/uploads\/2023\/04\/IDRC-March-28-action-2023-4-1024x683.jpg 1024w, https:\/\/local76000.ca\/wp-content\/uploads\/2023\/04\/IDRC-March-28-action-2023-4-300x200.jpg 300w, https:\/\/local76000.ca\/wp-content\/uploads\/2023\/04\/IDRC-March-28-action-2023-4-768x512.jpg 768w, https:\/\/local76000.ca\/wp-content\/uploads\/2023\/04\/IDRC-March-28-action-2023-4-1536x1024.jpg 1536w, https:\/\/local76000.ca\/wp-content\/uploads\/2023\/04\/IDRC-March-28-action-2023-4-2048x1365.jpg 2048w, https:\/\/local76000.ca\/wp-content\/uploads\/2023\/04\/IDRC-March-28-action-2023-4-1200x800.jpg 1200w\" sizes=\"auto, (max-width: 709px) 85vw, (max-width: 909px) 67vw, (max-width: 1362px) 62vw, 840px\" \/><\/figure>\n\n\n\n<figure class=\"wp-block-image size-large\"><img loading=\"lazy\" decoding=\"async\" width=\"1024\" height=\"536\" data-id=\"1338\" src=\"https:\/\/local76000.ca\/wp-content\/uploads\/2023\/04\/IDRC-March-28-action-2023-7-1024x536.jpg\" alt=\"\" class=\"wp-image-1338\" srcset=\"https:\/\/local76000.ca\/wp-content\/uploads\/2023\/04\/IDRC-March-28-action-2023-7-1024x536.jpg 1024w, https:\/\/local76000.ca\/wp-content\/uploads\/2023\/04\/IDRC-March-28-action-2023-7-300x157.jpg 300w, https:\/\/local76000.ca\/wp-content\/uploads\/2023\/04\/IDRC-March-28-action-2023-7-768x402.jpg 768w, https:\/\/local76000.ca\/wp-content\/uploads\/2023\/04\/IDRC-March-28-action-2023-7-1536x804.jpg 1536w, https:\/\/local76000.ca\/wp-content\/uploads\/2023\/04\/IDRC-March-28-action-2023-7-2048x1072.jpg 2048w, https:\/\/local76000.ca\/wp-content\/uploads\/2023\/04\/IDRC-March-28-action-2023-7-1200x628.jpg 1200w\" sizes=\"auto, (max-width: 709px) 85vw, (max-width: 909px) 67vw, (max-width: 1362px) 62vw, 840px\" \/><\/figure>\n\n\n\n<figure class=\"wp-block-image size-large\"><img loading=\"lazy\" decoding=\"async\" width=\"1024\" height=\"683\" data-id=\"1337\" src=\"https:\/\/local76000.ca\/wp-content\/uploads\/2023\/04\/IDRC-March-28-action-2023-8-1024x683.jpg\" alt=\"\" class=\"wp-image-1337\" srcset=\"https:\/\/local76000.ca\/wp-content\/uploads\/2023\/04\/IDRC-March-28-action-2023-8-1024x683.jpg 1024w, https:\/\/local76000.ca\/wp-content\/uploads\/2023\/04\/IDRC-March-28-action-2023-8-300x200.jpg 300w, https:\/\/local76000.ca\/wp-content\/uploads\/2023\/04\/IDRC-March-28-action-2023-8-768x512.jpg 768w, https:\/\/local76000.ca\/wp-content\/uploads\/2023\/04\/IDRC-March-28-action-2023-8-1536x1024.jpg 1536w, https:\/\/local76000.ca\/wp-content\/uploads\/2023\/04\/IDRC-March-28-action-2023-8-2048x1365.jpg 2048w, https:\/\/local76000.ca\/wp-content\/uploads\/2023\/04\/IDRC-March-28-action-2023-8-1200x800.jpg 1200w\" sizes=\"auto, (max-width: 709px) 85vw, (max-width: 909px) 67vw, (max-width: 1362px) 62vw, 840px\" \/><\/figure>\n\n\n\n<figure class=\"wp-block-image size-large\"><img loading=\"lazy\" decoding=\"async\" width=\"1024\" height=\"683\" data-id=\"1336\" src=\"https:\/\/local76000.ca\/wp-content\/uploads\/2023\/04\/IDRC-March-28-action-2023-9-1024x683.jpg\" alt=\"\" class=\"wp-image-1336\" srcset=\"https:\/\/local76000.ca\/wp-content\/uploads\/2023\/04\/IDRC-March-28-action-2023-9-1024x683.jpg 1024w, https:\/\/local76000.ca\/wp-content\/uploads\/2023\/04\/IDRC-March-28-action-2023-9-300x200.jpg 300w, https:\/\/local76000.ca\/wp-content\/uploads\/2023\/04\/IDRC-March-28-action-2023-9-768x512.jpg 768w, https:\/\/local76000.ca\/wp-content\/uploads\/2023\/04\/IDRC-March-28-action-2023-9-1536x1024.jpg 1536w, https:\/\/local76000.ca\/wp-content\/uploads\/2023\/04\/IDRC-March-28-action-2023-9-2048x1365.jpg 2048w, https:\/\/local76000.ca\/wp-content\/uploads\/2023\/04\/IDRC-March-28-action-2023-9-1200x800.jpg 1200w\" sizes=\"auto, (max-width: 709px) 85vw, (max-width: 909px) 67vw, (max-width: 1362px) 62vw, 840px\" \/><\/figure>\n\n\n\n<figure class=\"wp-block-image size-large\"><img loading=\"lazy\" decoding=\"async\" width=\"1024\" height=\"683\" data-id=\"1335\" src=\"https:\/\/local76000.ca\/wp-content\/uploads\/2023\/04\/IDRC-March-28-action-2023-10-1024x683.jpg\" alt=\"\" class=\"wp-image-1335\" srcset=\"https:\/\/local76000.ca\/wp-content\/uploads\/2023\/04\/IDRC-March-28-action-2023-10-1024x683.jpg 1024w, https:\/\/local76000.ca\/wp-content\/uploads\/2023\/04\/IDRC-March-28-action-2023-10-300x200.jpg 300w, https:\/\/local76000.ca\/wp-content\/uploads\/2023\/04\/IDRC-March-28-action-2023-10-768x512.jpg 768w, https:\/\/local76000.ca\/wp-content\/uploads\/2023\/04\/IDRC-March-28-action-2023-10-1536x1024.jpg 1536w, https:\/\/local76000.ca\/wp-content\/uploads\/2023\/04\/IDRC-March-28-action-2023-10-2048x1365.jpg 2048w, https:\/\/local76000.ca\/wp-content\/uploads\/2023\/04\/IDRC-March-28-action-2023-10-1200x800.jpg 1200w\" sizes=\"auto, (max-width: 709px) 85vw, (max-width: 909px) 67vw, (max-width: 1362px) 62vw, 840px\" \/><\/figure>\n\n\n\n<figure class=\"wp-block-image size-large\"><img loading=\"lazy\" decoding=\"async\" width=\"863\" height=\"453\" data-id=\"1347\" src=\"https:\/\/local76000.ca\/wp-content\/uploads\/2023\/04\/Day-of-action_2023-03-28-11.jpg\" alt=\"\" class=\"wp-image-1347\" srcset=\"https:\/\/local76000.ca\/wp-content\/uploads\/2023\/04\/Day-of-action_2023-03-28-11.jpg 863w, https:\/\/local76000.ca\/wp-content\/uploads\/2023\/04\/Day-of-action_2023-03-28-11-300x157.jpg 300w, https:\/\/local76000.ca\/wp-content\/uploads\/2023\/04\/Day-of-action_2023-03-28-11-768x403.jpg 768w\" sizes=\"auto, (max-width: 709px) 85vw, (max-width: 909px) 67vw, (max-width: 1362px) 62vw, 840px\" \/><\/figure>\n<\/figure>\n\n\n\n<p><\/p>\n\n\n\n<p><strong>Voici le r\u00e9sultat de notre voyage du 28 mars de Delhi \u00e0 Ottawa, en passant par Amman, Nairobi, Dakar et Montevideo; un collage des photos re\u00e7ues pour un total de 128 membres (plus de 60%) !<\/strong><\/p>\n\n\n\n<figure class=\"wp-block-image\"><img loading=\"lazy\" decoding=\"async\" width=\"860\" height=\"486\" src=\"http:\/\/local76000.ca\/wp-content\/uploads\/2023\/04\/Collage-final.jpg\" alt=\"\" class=\"wp-image-1334\" srcset=\"https:\/\/local76000.ca\/wp-content\/uploads\/2023\/04\/Collage-final.jpg 860w, https:\/\/local76000.ca\/wp-content\/uploads\/2023\/04\/Collage-final-300x170.jpg 300w, https:\/\/local76000.ca\/wp-content\/uploads\/2023\/04\/Collage-final-768x434.jpg 768w\" sizes=\"auto, (max-width: 709px) 85vw, (max-width: 909px) 67vw, (max-width: 1362px) 62vw, 840px\" \/><\/figure>\n","protected":false},"excerpt":{"rendered":"<p>&#8230;exprimant&nbsp;notre solidarit\u00e9 et nous unir pour un contrat \u00e9quitable !&nbsp; Voici le r\u00e9sultat de notre voyage du 28 mars de Delhi \u00e0 Ottawa, en passant par Amman, Nairobi, Dakar et Montevideo; un collage des photos re\u00e7ues pour un total de 128 membres (plus de 60%) !<\/p>\n","protected":false},"author":1,"featured_media":0,"parent":1640,"menu_order":0,"comment_status":"closed","ping_status":"closed","template":"","meta":{"pagelayer_contact_templates":[],"_pagelayer_content":"","footnotes":""},"class_list":["post-1459","page","type-page","status-publish","hentry"],"translation":{"provider":"WPGlobus","version":"3.0.2","language":"fr","enabled_languages":["en","fr"],"languages":{"en":{"title":true,"content":true,"excerpt":false},"fr":{"title":true,"content":true,"excerpt":false}}},"_links":{"self":[{"href":"https:\/\/local76000.ca\/fr\/wp-json\/wp\/v2\/pages\/1459","targetHints":{"allow":["GET"]}}],"collection":[{"href":"https:\/\/local76000.ca\/fr\/wp-json\/wp\/v2\/pages"}],"about":[{"href":"https:\/\/local76000.ca\/fr\/wp-json\/wp\/v2\/types\/page"}],"author":[{"embeddable":true,"href":"https:\/\/local76000.ca\/fr\/wp-json\/wp\/v2\/users\/1"}],"replies":[{"embeddable":true,"href":"https:\/\/local76000.ca\/fr\/wp-json\/wp\/v2\/comments?post=1459"}],"version-history":[{"count":3,"href":"https:\/\/local76000.ca\/fr\/wp-json\/wp\/v2\/pages\/1459\/revisions"}],"predecessor-version":[{"id":1464,"href":"https:\/\/local76000.ca\/fr\/wp-json\/wp\/v2\/pages\/1459\/revisions\/1464"}],"up":[{"embeddable":true,"href":"https:\/\/local76000.ca\/fr\/wp-json\/wp\/v2\/pages\/1640"}],"wp:attachment":[{"href":"https:\/\/local76000.ca\/fr\/wp-json\/wp\/v2\/media?parent=1459"}],"curies":[{"name":"wp","href":"https:\/\/api.w.org\/{rel}","templated":true}]}}