{"id":1448,"date":"2023-09-19T16:39:07","date_gmt":"2023-09-19T16:39:07","guid":{"rendered":"https:\/\/local76000.ca\/?page_id=1448"},"modified":"2025-06-30T18:43:29","modified_gmt":"2025-06-30T18:43:29","slug":"signature-ceremony","status":"publish","type":"page","link":"https:\/\/local76000.ca\/fr\/bargaining\/2021-2023-bargaining-round\/signature-ceremony\/","title":{"rendered":"C\u00e9r\u00e9monie de signature"},"content":{"rendered":"\n<p>Le 13 septembre 2023, les deux \u00e9quipes de n\u00e9gociation se sont r\u00e9unies pour signer la nouvelle convention collective entre la section locale 76000 de l&#8217;Alliance de la fonction publique du Canada (AFPC) et le CRDI.<\/p>\n\n\n\n<p>La c\u00e9r\u00e9monie incluait une entrevue avec Madiha Ahmed et Andr\u00e9e Leduc qui ont  parl\u00e9 des points saillants de la nouvelle convention, ainsi que des prochaines \u00e9tapes de sa mise en \u0153uvre.<\/p>\n\n\n\n<p>La convention est disponible sous le menu &#8220;Documents de r\u00e9f\u00e9rence&#8221;.<\/p>\n\n\n\n<figure class=\"wp-block-gallery has-nested-images columns-default is-cropped wp-block-gallery-1 is-layout-flex wp-block-gallery-is-layout-flex\">\n<figure class=\"wp-block-image size-large\"><img loading=\"lazy\" decoding=\"async\" width=\"1024\" height=\"376\" data-id=\"1446\" src=\"https:\/\/local76000.ca\/wp-content\/uploads\/2023\/09\/signal-2023-09-19-120621_007-1024x376.jpeg\" alt=\"\" class=\"wp-image-1446\" srcset=\"https:\/\/local76000.ca\/wp-content\/uploads\/2023\/09\/signal-2023-09-19-120621_007-1024x376.jpeg 1024w, https:\/\/local76000.ca\/wp-content\/uploads\/2023\/09\/signal-2023-09-19-120621_007-300x110.jpeg 300w, https:\/\/local76000.ca\/wp-content\/uploads\/2023\/09\/signal-2023-09-19-120621_007-768x282.jpeg 768w, https:\/\/local76000.ca\/wp-content\/uploads\/2023\/09\/signal-2023-09-19-120621_007-1536x564.jpeg 1536w, https:\/\/local76000.ca\/wp-content\/uploads\/2023\/09\/signal-2023-09-19-120621_007-1200x441.jpeg 1200w, https:\/\/local76000.ca\/wp-content\/uploads\/2023\/09\/signal-2023-09-19-120621_007.jpeg 2048w\" sizes=\"auto, (max-width: 709px) 85vw, (max-width: 909px) 67vw, (max-width: 1362px) 62vw, 840px\" \/><figcaption class=\"wp-element-caption\">La plupart des membres des \u00e9quipes de n\u00e9go<\/figcaption><\/figure>\n\n\n\n<figure class=\"wp-block-image size-large\"><img loading=\"lazy\" decoding=\"async\" width=\"958\" height=\"722\" data-id=\"1447\" src=\"https:\/\/local76000.ca\/wp-content\/uploads\/2023\/09\/signal-2023-09-19-120621_005_recadre.jpeg\" alt=\"\" class=\"wp-image-1447\" srcset=\"https:\/\/local76000.ca\/wp-content\/uploads\/2023\/09\/signal-2023-09-19-120621_005_recadre.jpeg 958w, https:\/\/local76000.ca\/wp-content\/uploads\/2023\/09\/signal-2023-09-19-120621_005_recadre-300x226.jpeg 300w, https:\/\/local76000.ca\/wp-content\/uploads\/2023\/09\/signal-2023-09-19-120621_005_recadre-768x579.jpeg 768w\" sizes=\"auto, (max-width: 709px) 85vw, (max-width: 909px) 67vw, (max-width: 1362px) 62vw, 840px\" \/><figcaption class=\"wp-element-caption\">Signatures officielles<\/figcaption><\/figure>\n\n\n\n<figure class=\"wp-block-image size-large\"><img loading=\"lazy\" decoding=\"async\" width=\"1024\" height=\"768\" data-id=\"1445\" src=\"https:\/\/local76000.ca\/wp-content\/uploads\/2023\/09\/signal-2023-09-19-120621_009-1024x768.jpeg\" alt=\"\" class=\"wp-image-1445\" srcset=\"https:\/\/local76000.ca\/wp-content\/uploads\/2023\/09\/signal-2023-09-19-120621_009-1024x768.jpeg 1024w, https:\/\/local76000.ca\/wp-content\/uploads\/2023\/09\/signal-2023-09-19-120621_009-300x225.jpeg 300w, https:\/\/local76000.ca\/wp-content\/uploads\/2023\/09\/signal-2023-09-19-120621_009-768x576.jpeg 768w, https:\/\/local76000.ca\/wp-content\/uploads\/2023\/09\/signal-2023-09-19-120621_009-1536x1152.jpeg 1536w, https:\/\/local76000.ca\/wp-content\/uploads\/2023\/09\/signal-2023-09-19-120621_009-1200x900.jpeg 1200w, https:\/\/local76000.ca\/wp-content\/uploads\/2023\/09\/signal-2023-09-19-120621_009.jpeg 2048w\" sizes=\"auto, (max-width: 709px) 85vw, (max-width: 909px) 67vw, (max-width: 1362px) 62vw, 840px\" \/><figcaption class=\"wp-element-caption\">Entrevue Podium<\/figcaption><\/figure>\n\n\n\n<figure class=\"wp-block-image size-large\"><img loading=\"lazy\" decoding=\"async\" width=\"1024\" height=\"768\" data-id=\"1444\" src=\"https:\/\/local76000.ca\/wp-content\/uploads\/2023\/09\/signal-2023-09-19-120621_010-1024x768.jpeg\" alt=\"\" class=\"wp-image-1444\" srcset=\"https:\/\/local76000.ca\/wp-content\/uploads\/2023\/09\/signal-2023-09-19-120621_010-1024x768.jpeg 1024w, https:\/\/local76000.ca\/wp-content\/uploads\/2023\/09\/signal-2023-09-19-120621_010-300x225.jpeg 300w, https:\/\/local76000.ca\/wp-content\/uploads\/2023\/09\/signal-2023-09-19-120621_010-768x576.jpeg 768w, https:\/\/local76000.ca\/wp-content\/uploads\/2023\/09\/signal-2023-09-19-120621_010-1536x1152.jpeg 1536w, https:\/\/local76000.ca\/wp-content\/uploads\/2023\/09\/signal-2023-09-19-120621_010-1200x900.jpeg 1200w, https:\/\/local76000.ca\/wp-content\/uploads\/2023\/09\/signal-2023-09-19-120621_010.jpeg 2048w\" sizes=\"auto, (max-width: 709px) 85vw, (max-width: 909px) 67vw, (max-width: 1362px) 62vw, 840px\" \/><figcaption class=\"wp-element-caption\">Madiha, Julie et Andr\u00e9e<\/figcaption><\/figure>\n\n\n\n<figure class=\"wp-block-image size-large\"><img loading=\"lazy\" decoding=\"async\" width=\"1024\" height=\"768\" data-id=\"1443\" src=\"https:\/\/local76000.ca\/wp-content\/uploads\/2023\/09\/signal-2023-09-19-120621_016-1024x768.jpeg\" alt=\"\" class=\"wp-image-1443\" srcset=\"https:\/\/local76000.ca\/wp-content\/uploads\/2023\/09\/signal-2023-09-19-120621_016-1024x768.jpeg 1024w, https:\/\/local76000.ca\/wp-content\/uploads\/2023\/09\/signal-2023-09-19-120621_016-300x225.jpeg 300w, https:\/\/local76000.ca\/wp-content\/uploads\/2023\/09\/signal-2023-09-19-120621_016-768x576.jpeg 768w, https:\/\/local76000.ca\/wp-content\/uploads\/2023\/09\/signal-2023-09-19-120621_016-1536x1152.jpeg 1536w, https:\/\/local76000.ca\/wp-content\/uploads\/2023\/09\/signal-2023-09-19-120621_016-1200x900.jpeg 1200w, https:\/\/local76000.ca\/wp-content\/uploads\/2023\/09\/signal-2023-09-19-120621_016.jpeg 2048w\" sizes=\"auto, (max-width: 709px) 85vw, (max-width: 909px) 67vw, (max-width: 1362px) 62vw, 840px\" \/><figcaption class=\"wp-element-caption\">C\u00e9l\u00e9brons ensemble !<\/figcaption><\/figure>\n<\/figure>\n","protected":false},"excerpt":{"rendered":"<p>Le 13 septembre 2023, les deux \u00e9quipes de n\u00e9gociation se sont r\u00e9unies pour signer la nouvelle convention collective entre la section locale 76000 de l&#8217;Alliance de la fonction publique du Canada (AFPC) et le CRDI. La c\u00e9r\u00e9monie incluait une entrevue avec Madiha Ahmed et Andr\u00e9e Leduc qui ont parl\u00e9 des points saillants de la nouvelle &hellip; <a href=\"https:\/\/local76000.ca\/fr\/bargaining\/2021-2023-bargaining-round\/signature-ceremony\/\" class=\"more-link\">Continue reading<span class=\"screen-reader-text\"> &#8220;C\u00e9r\u00e9monie de signature&#8221;<\/span><\/a><\/p>\n","protected":false},"author":1,"featured_media":0,"parent":1640,"menu_order":0,"comment_status":"closed","ping_status":"closed","template":"","meta":{"pagelayer_contact_templates":[],"_pagelayer_content":"","footnotes":""},"class_list":["post-1448","page","type-page","status-publish","hentry"],"translation":{"provider":"WPGlobus","version":"3.0.2","language":"fr","enabled_languages":["en","fr"],"languages":{"en":{"title":true,"content":true,"excerpt":false},"fr":{"title":true,"content":true,"excerpt":false}}},"_links":{"self":[{"href":"https:\/\/local76000.ca\/fr\/wp-json\/wp\/v2\/pages\/1448","targetHints":{"allow":["GET"]}}],"collection":[{"href":"https:\/\/local76000.ca\/fr\/wp-json\/wp\/v2\/pages"}],"about":[{"href":"https:\/\/local76000.ca\/fr\/wp-json\/wp\/v2\/types\/page"}],"author":[{"embeddable":true,"href":"https:\/\/local76000.ca\/fr\/wp-json\/wp\/v2\/users\/1"}],"replies":[{"embeddable":true,"href":"https:\/\/local76000.ca\/fr\/wp-json\/wp\/v2\/comments?post=1448"}],"version-history":[{"count":4,"href":"https:\/\/local76000.ca\/fr\/wp-json\/wp\/v2\/pages\/1448\/revisions"}],"predecessor-version":[{"id":1653,"href":"https:\/\/local76000.ca\/fr\/wp-json\/wp\/v2\/pages\/1448\/revisions\/1653"}],"up":[{"embeddable":true,"href":"https:\/\/local76000.ca\/fr\/wp-json\/wp\/v2\/pages\/1640"}],"wp:attachment":[{"href":"https:\/\/local76000.ca\/fr\/wp-json\/wp\/v2\/media?parent=1448"}],"curies":[{"name":"wp","href":"https:\/\/api.w.org\/{rel}","templated":true}]}}