{"id":1388,"date":"2023-06-05T13:49:46","date_gmt":"2023-06-05T13:49:46","guid":{"rendered":"https:\/\/local76000.ca\/?page_id=1388"},"modified":"2023-06-05T14:02:26","modified_gmt":"2023-06-05T14:02:26","slug":"signup-form","status":"publish","type":"page","link":"https:\/\/local76000.ca\/fr\/signup-form\/","title":{"rendered":"Formulaire d&#8217;inscription"},"content":{"rendered":"\n<p>Abonnez-vous pour recevoir des mises \u00e0 jour sur la n\u00e9gociation, les appels \u00e0 l&#8217;action et des informations g\u00e9n\u00e9rales sur votre syndicat local.<\/p>\n\n\n\n<p><a href=\"http:\/\/eepurl.com\/ieajOr\">http:\/\/eepurl.com\/ieajOr<\/a><\/p>\n","protected":false},"excerpt":{"rendered":"<p>Abonnez-vous pour recevoir des mises \u00e0 jour sur la n\u00e9gociation, les appels \u00e0 l&#8217;action et des informations g\u00e9n\u00e9rales sur votre syndicat local. http:\/\/eepurl.com\/ieajOr<\/p>\n","protected":false},"author":1,"featured_media":0,"parent":0,"menu_order":0,"comment_status":"closed","ping_status":"closed","template":"","meta":{"pagelayer_contact_templates":[],"_pagelayer_content":"","footnotes":""},"class_list":["post-1388","page","type-page","status-publish","hentry"],"translation":{"provider":"WPGlobus","version":"3.0.2","language":"fr","enabled_languages":["en","fr"],"languages":{"en":{"title":true,"content":true,"excerpt":false},"fr":{"title":true,"content":true,"excerpt":false}}},"_links":{"self":[{"href":"https:\/\/local76000.ca\/fr\/wp-json\/wp\/v2\/pages\/1388","targetHints":{"allow":["GET"]}}],"collection":[{"href":"https:\/\/local76000.ca\/fr\/wp-json\/wp\/v2\/pages"}],"about":[{"href":"https:\/\/local76000.ca\/fr\/wp-json\/wp\/v2\/types\/page"}],"author":[{"embeddable":true,"href":"https:\/\/local76000.ca\/fr\/wp-json\/wp\/v2\/users\/1"}],"replies":[{"embeddable":true,"href":"https:\/\/local76000.ca\/fr\/wp-json\/wp\/v2\/comments?post=1388"}],"version-history":[{"count":4,"href":"https:\/\/local76000.ca\/fr\/wp-json\/wp\/v2\/pages\/1388\/revisions"}],"predecessor-version":[{"id":1397,"href":"https:\/\/local76000.ca\/fr\/wp-json\/wp\/v2\/pages\/1388\/revisions\/1397"}],"wp:attachment":[{"href":"https:\/\/local76000.ca\/fr\/wp-json\/wp\/v2\/media?parent=1388"}],"curies":[{"name":"wp","href":"https:\/\/api.w.org\/{rel}","templated":true}]}}