{"id":1231,"date":"2022-10-24T21:11:58","date_gmt":"2022-10-24T21:11:58","guid":{"rendered":"https:\/\/local76000.ca\/?page_id=1034"},"modified":"2025-06-30T18:46:31","modified_gmt":"2025-06-30T18:46:31","slug":"resume-du-progres-des-negociations-en-date-du-12-sept-2022","status":"publish","type":"page","link":"https:\/\/local76000.ca\/fr\/bargaining\/2021-2023-bargaining-round\/resume-du-progres-des-negociations-en-date-du-12-sept-2022\/","title":{"rendered":"R\u00e9sum\u00e9 du progr\u00e8s des n\u00e9gociations (en date du 12 sept. 2022)"},"content":{"rendered":"\n<p>Voici un r\u00e9sum\u00e9 rapide des progr\u00e8s que nous avons r\u00e9alis\u00e9s jusqu&#8217;\u00e0 pr\u00e9sent, des questions qui sont encore sur la table et des endroits o\u00f9 trouver des informations plus d\u00e9taill\u00e9es. Toutes les informations sur les n\u00e9gociations sont class\u00e9es sur notre site web. Cela comprend&nbsp;:<\/p>\n\n\n\n<ul class=\"wp-block-list\"><li>Notre&nbsp;<a href=\"https:\/\/local76000.us12.list-manage.com\/track\/click?u=3521f1a4b196f72254a85baab&amp;id=4707a283d9&amp;e=8b64b242d6\" target=\"_blank\" rel=\"noreferrer noopener\">contrat actuel<\/a><\/li><li><a href=\"https:\/\/local76000.us12.list-manage.com\/track\/click?u=3521f1a4b196f72254a85baab&amp;id=2a9e82cd06&amp;e=8b64b242d6\" target=\"_blank\" rel=\"noreferrer noopener\">Notre document de position initiale<\/a>&nbsp;(en anglais) &#8211; il explique ce que nous recherchons dans le contrat r\u00e9vis\u00e9 et pourquoi.<\/li><li>Les propositions initiales que nous avons faites \u00e0 la direction ainsi que toutes nos mises \u00e0 jour apr\u00e8s chaque r\u00e9union&nbsp;<a href=\"https:\/\/local76000.us12.list-manage.com\/track\/click?u=3521f1a4b196f72254a85baab&amp;id=5be5008eaf&amp;e=8b64b242d6\" target=\"_blank\" rel=\"noreferrer noopener\">N\u00e9gociation &#8211; AFPC section locale 76000<\/a><\/li><\/ul>\n\n\n\n<p>Veuillez noter que lorsque nous parviendrons \u00e0 une entente sur une position particuli\u00e8re, le texte sera disponible lorsque le contrat final sera pr\u00eat \u00e0 \u00eatre ratifi\u00e9.<\/p>\n\n\n\n<p>Pour le moment, en d\u00e9posant toutes nos positions, nous sommes all\u00e9s aussi loin que possible. Le processus d\u00e9pend maintenant de la collaboration de la direction pour un renouvellement de contrat r\u00e9ussi et dans les temps.<\/p>\n\n\n\n<p>\u00c0 titre de rappel, le processus standard consiste \u00e0 discuter d&#8217;abord des questions non financi\u00e8res. Les salaires sont le dernier point \u00e0 \u00eatre pr\u00e9sent\u00e9. Cependant, nous l&#8217;avons fait le 22 juin 2022.<\/p>\n\n\n\n<p><strong>Questions sur lesquels nous sommes parvenus \u00e0 un accord depuis le d\u00e9but des discussions :<\/strong><\/p>\n\n\n\n<ul class=\"wp-block-list\"><li><strong><em>D\u00e9tachement\u00a0:<\/em><\/strong> nous avons accept\u00e9 des am\u00e9liorations majeures comme moyen d&#8217;accro\u00eetre les possibilit\u00e9s d&#8217;apprentissage et de croissance professionnelle des membres.<\/li><li><strong><em>Cong\u00e9 pour obligations familiales\u00a0:<\/em><\/strong> Pour r\u00e9pondre \u00e0 un d\u00e9fi auquel de nombreux membres ont \u00e9t\u00e9 confront\u00e9s pendant la pand\u00e9mie, la famille est maintenant d\u00e9finie comme une personne qui remplace un parent, qu&#8217;il y ait ou non un lien juridique ou biologique.<\/li><li><strong><em>Plan d&#8217;\u00e9quit\u00e9 en mati\u00e8re d&#8217;emploi\u00a0: <\/em><\/strong>\u00c0 la suite de nos discussions, le CRDI a accept\u00e9 de se conformer \u00e0 la loi f\u00e9d\u00e9rale.<\/li><\/ul>\n\n\n\n<p><strong>Les principaux points qui sont encore en discussion :<\/strong><\/p>\n\n\n\n<ul class=\"wp-block-list\"><li><strong><em>La dotation en personnel\u00a0:<\/em><\/strong> Le Centre cherche toujours \u00e0 faire annuler les droits convenus dans le cadre du contrat pr\u00e9c\u00e9dent. Le Centre veut une plus grande souplesse dans la dotation en personnel, ce qui r\u00e9duit la s\u00e9curit\u00e9 d&#8217;emploi et entra\u00eene une plus grande pr\u00e9carit\u00e9 de l&#8217;emploi.\u00a0 Cela cr\u00e9e un syst\u00e8me de classes \u00e0 deux niveaux au CRDI &#8211; employ\u00e9s permanents et employ\u00e9s temporaires.<\/li><li><strong><em>Non-respect des droits en mati\u00e8re de t\u00e9l\u00e9travail convenus dans le contrat\u00a0: <\/em><\/strong>Lorsque nous sommes en n\u00e9gociation, nous pouvons r\u00e9gler les griefs dans le cadre de l&#8217;entente pr\u00e9vue au contrat, c&#8217;est donc une fa\u00e7on de r\u00e9soudre rapidement nos pr\u00e9occupations en suspens.<\/li><li><em><strong>Salaires\u00a0: <\/strong><\/em>Nous avons pr\u00e9sent\u00e9 notre offre et nous tenons \u00e0 ce que des progr\u00e8s soient r\u00e9alis\u00e9s sur ce point sans d\u00e9lai excessif.<br><br>Les membres de l&#8217;\u00e9quipe de n\u00e9gociation de la section locale 76000 : Sean Burns, Madiha Ahmed et Mano Buckshi.<\/li><\/ul>\n\n\n\n<p><\/p>\n","protected":false},"excerpt":{"rendered":"<p>Voici un r\u00e9sum\u00e9 rapide des progr\u00e8s que nous avons r\u00e9alis\u00e9s jusqu&#8217;\u00e0 pr\u00e9sent, des questions qui sont encore sur la table et des endroits o\u00f9 trouver des informations plus d\u00e9taill\u00e9es. Toutes les informations sur les n\u00e9gociations sont class\u00e9es sur notre site web. Cela comprend&nbsp;: Notre&nbsp;contrat actuel Notre document de position initiale&nbsp;(en anglais) &#8211; il explique ce &hellip; <a href=\"https:\/\/local76000.ca\/fr\/bargaining\/2021-2023-bargaining-round\/resume-du-progres-des-negociations-en-date-du-12-sept-2022\/\" class=\"more-link\">Continue reading<span class=\"screen-reader-text\"> &#8220;R\u00e9sum\u00e9 du progr\u00e8s des n\u00e9gociations (en date du 12 sept. 2022)&#8221;<\/span><\/a><\/p>\n","protected":false},"author":1,"featured_media":0,"parent":1640,"menu_order":0,"comment_status":"closed","ping_status":"closed","template":"","meta":{"pagelayer_contact_templates":[],"_pagelayer_content":"","footnotes":""},"class_list":["post-1231","page","type-page","status-publish","hentry"],"translation":{"provider":"WPGlobus","version":"3.0.2","language":"fr","enabled_languages":["en","fr"],"languages":{"en":{"title":true,"content":true,"excerpt":false},"fr":{"title":true,"content":true,"excerpt":false}}},"_links":{"self":[{"href":"https:\/\/local76000.ca\/fr\/wp-json\/wp\/v2\/pages\/1231","targetHints":{"allow":["GET"]}}],"collection":[{"href":"https:\/\/local76000.ca\/fr\/wp-json\/wp\/v2\/pages"}],"about":[{"href":"https:\/\/local76000.ca\/fr\/wp-json\/wp\/v2\/types\/page"}],"author":[{"embeddable":true,"href":"https:\/\/local76000.ca\/fr\/wp-json\/wp\/v2\/users\/1"}],"replies":[{"embeddable":true,"href":"https:\/\/local76000.ca\/fr\/wp-json\/wp\/v2\/comments?post=1231"}],"version-history":[{"count":6,"href":"https:\/\/local76000.ca\/fr\/wp-json\/wp\/v2\/pages\/1231\/revisions"}],"predecessor-version":[{"id":1249,"href":"https:\/\/local76000.ca\/fr\/wp-json\/wp\/v2\/pages\/1231\/revisions\/1249"}],"up":[{"embeddable":true,"href":"https:\/\/local76000.ca\/fr\/wp-json\/wp\/v2\/pages\/1640"}],"wp:attachment":[{"href":"https:\/\/local76000.ca\/fr\/wp-json\/wp\/v2\/media?parent=1231"}],"curies":[{"name":"wp","href":"https:\/\/api.w.org\/{rel}","templated":true}]}}