{"id":1051,"date":"2021-08-29T14:33:25","date_gmt":"2021-08-29T14:33:25","guid":{"rendered":"https:\/\/local76000.ca\/?page_id=1051"},"modified":"2024-03-27T13:39:52","modified_gmt":"2024-03-27T13:39:52","slug":"web-articles","status":"publish","type":"page","link":"https:\/\/local76000.ca\/fr\/welcome\/web-articles\/","title":{"rendered":"Articles du Web"},"content":{"rendered":"\n<p><strong>Breaking Bad : Quand le surmenage devient probl\u00e9matique<\/strong><br>Peut-on avoir trop d&#8217;une qualit\u00e9 admirable ?<br><em>Article complet (en anglais):\u00a0<\/em><br><a href=\"https:\/\/www.psychologytoday.com\/us\/blog\/a-deeper-wellness\/202403\/breaking-bad-when-overworking-becomes-problematic\">Breaking Bad: When Overworking Becomes Problematic | Psychology Today<\/a><\/p>\n\n\n\n<p><strong>6 pratiques minant le moral des employ\u00e9s<\/strong><br>Peu de choses sont aussi co\u00fbteuses et d\u00e9rangeantes que de bonnes personnes prenant la porte. Dr. Travis Bradberry vous montre comment faire en sorte que \u00e7a cesse.<em><br>Article complet (en anglais):\u00a0<\/em><br><a href=\"https:\/\/www.inc.com\/travis-bradberry\/6-great-ways-to-kill-morale.html\" target=\"_blank\" rel=\"noreferrer noopener\">https:\/\/www.inc.com\/travis-bradberry\/6-great-ways-to-kill-morale.html<\/a><\/p>\n","protected":false},"excerpt":{"rendered":"<p>Breaking Bad : Quand le surmenage devient probl\u00e9matiquePeut-on avoir trop d&#8217;une qualit\u00e9 admirable ?Article complet (en anglais):\u00a0Breaking Bad: When Overworking Becomes Problematic | Psychology Today 6 pratiques minant le moral des employ\u00e9sPeu de choses sont aussi co\u00fbteuses et d\u00e9rangeantes que de bonnes personnes prenant la porte. Dr. Travis Bradberry vous montre comment faire en sorte &hellip; <a href=\"https:\/\/local76000.ca\/fr\/welcome\/web-articles\/\" class=\"more-link\">Continue reading<span class=\"screen-reader-text\"> &#8220;Articles du Web&#8221;<\/span><\/a><\/p>\n","protected":false},"author":1,"featured_media":0,"parent":26,"menu_order":0,"comment_status":"closed","ping_status":"closed","template":"","meta":{"pagelayer_contact_templates":[],"_pagelayer_content":"","footnotes":""},"class_list":["post-1051","page","type-page","status-publish","hentry"],"translation":{"provider":"WPGlobus","version":"3.0.2","language":"fr","enabled_languages":["en","fr"],"languages":{"en":{"title":true,"content":true,"excerpt":false},"fr":{"title":true,"content":true,"excerpt":false}}},"_links":{"self":[{"href":"https:\/\/local76000.ca\/fr\/wp-json\/wp\/v2\/pages\/1051","targetHints":{"allow":["GET"]}}],"collection":[{"href":"https:\/\/local76000.ca\/fr\/wp-json\/wp\/v2\/pages"}],"about":[{"href":"https:\/\/local76000.ca\/fr\/wp-json\/wp\/v2\/types\/page"}],"author":[{"embeddable":true,"href":"https:\/\/local76000.ca\/fr\/wp-json\/wp\/v2\/users\/1"}],"replies":[{"embeddable":true,"href":"https:\/\/local76000.ca\/fr\/wp-json\/wp\/v2\/comments?post=1051"}],"version-history":[{"count":6,"href":"https:\/\/local76000.ca\/fr\/wp-json\/wp\/v2\/pages\/1051\/revisions"}],"predecessor-version":[{"id":1509,"href":"https:\/\/local76000.ca\/fr\/wp-json\/wp\/v2\/pages\/1051\/revisions\/1509"}],"up":[{"embeddable":true,"href":"https:\/\/local76000.ca\/fr\/wp-json\/wp\/v2\/pages\/26"}],"wp:attachment":[{"href":"https:\/\/local76000.ca\/fr\/wp-json\/wp\/v2\/media?parent=1051"}],"curies":[{"name":"wp","href":"https:\/\/api.w.org\/{rel}","templated":true}]}}