{"id":1034,"date":"2021-03-30T18:22:36","date_gmt":"2021-03-30T18:22:36","guid":{"rendered":"https:\/\/local76000.ca\/?page_id=1034"},"modified":"2026-03-30T15:34:30","modified_gmt":"2026-03-30T15:34:30","slug":"bargaining-updates","status":"publish","type":"page","link":"https:\/\/local76000.ca\/fr\/bargaining\/bargaining-updates\/","title":{"rendered":"Mises \u00e0 jour sur les n\u00e9gociations"},"content":{"rendered":"\n<p>2026-03-30: <a href=\"http:\/\/local76000.ca\/wp-content\/uploads\/2026\/03\/PSAC-Local-union-Bargaining-web-update_Mar-30-2026.pdf\">Pr\u00e9paration des contre-propositions<\/a><\/p>\n\n\n\n<p>2026-03-03: <a href=\"http:\/\/local76000.ca\/wp-content\/uploads\/2026\/03\/PSAC-Local-union-Bargaining-message_Mar-3-2026.pdf\">Les n\u00e9gociations continuent<\/a><\/p>\n\n\n\n<p>2026-02-13: <a href=\"http:\/\/local76000.ca\/wp-content\/uploads\/2026\/02\/PSAC-Local-union-Bargaining-message_Feb-13-2026.pdf\">Le syndicat pr\u00e9sente sa proposition financi\u00e8re<\/a><\/p>\n\n\n\n<p>2025-12-15: <a href=\"http:\/\/local76000.ca\/wp-content\/uploads\/2025\/12\/PSAC-Local-union-Bargaining-message_Dec-15-2025.pdf\">Mise \u00e0 jour des n\u00e9gos avant les F\u00eates<\/a><\/p>\n\n\n\n<p>2025-11-25: <a href=\"http:\/\/local76000.ca\/wp-content\/uploads\/2025\/11\/PSAC-Local-union-Bargaining-message_Nov-25-2025.pdf\">Points convenus<\/a><\/p>\n\n\n\n<p>2025-10-24: <a href=\"http:\/\/local76000.ca\/wp-content\/uploads\/2025\/10\/PSAC-Local-union-Bargaining-message_Oct-24-2025.pdf\">Reprise des n\u00e9gociations au CRDI le 22 octobre<\/a><\/p>\n\n\n\n<p>2025-07-07: <a href=\"http:\/\/local76000.ca\/wp-content\/uploads\/2025\/07\/PSAC-Local-union-Bargaining-message_July-7-2025.pdf\">Les n\u00e9gociations d\u00e9butent entre l&#8217;AFPC et le CRDI<\/a><\/p>\n\n\n\n<p><a href=\"http:\/\/local76000.ca\/wp-content\/uploads\/2025\/07\/20250703-PSAC-Proposals-FR.pdf\">Proposition de la Section locale 76000<\/a> <\/p>\n\n\n\n<p><\/p>\n\n\n\n<p><\/p>\n\n\n\n<p><\/p>\n\n\n\n<p><\/p>\n\n\n\n<p><\/p>\n\n\n\n<p><\/p>\n\n\n\n<p><\/p>\n","protected":false},"excerpt":{"rendered":"<p>2026-03-30: Pr\u00e9paration des contre-propositions 2026-03-03: Les n\u00e9gociations continuent 2026-02-13: Le syndicat pr\u00e9sente sa proposition financi\u00e8re 2025-12-15: Mise \u00e0 jour des n\u00e9gos avant les F\u00eates 2025-11-25: Points convenus 2025-10-24: Reprise des n\u00e9gociations au CRDI le 22 octobre 2025-07-07: Les n\u00e9gociations d\u00e9butent entre l&#8217;AFPC et le CRDI Proposition de la Section locale 76000<\/p>\n","protected":false},"author":1,"featured_media":0,"parent":469,"menu_order":0,"comment_status":"closed","ping_status":"closed","template":"","meta":{"pagelayer_contact_templates":[],"_pagelayer_content":"","footnotes":""},"class_list":["post-1034","page","type-page","status-publish","hentry"],"translation":{"provider":"WPGlobus","version":"3.0.2","language":"fr","enabled_languages":["en","fr"],"languages":{"en":{"title":true,"content":true,"excerpt":false},"fr":{"title":true,"content":true,"excerpt":false}}},"_links":{"self":[{"href":"https:\/\/local76000.ca\/fr\/wp-json\/wp\/v2\/pages\/1034","targetHints":{"allow":["GET"]}}],"collection":[{"href":"https:\/\/local76000.ca\/fr\/wp-json\/wp\/v2\/pages"}],"about":[{"href":"https:\/\/local76000.ca\/fr\/wp-json\/wp\/v2\/types\/page"}],"author":[{"embeddable":true,"href":"https:\/\/local76000.ca\/fr\/wp-json\/wp\/v2\/users\/1"}],"replies":[{"embeddable":true,"href":"https:\/\/local76000.ca\/fr\/wp-json\/wp\/v2\/comments?post=1034"}],"version-history":[{"count":97,"href":"https:\/\/local76000.ca\/fr\/wp-json\/wp\/v2\/pages\/1034\/revisions"}],"predecessor-version":[{"id":1729,"href":"https:\/\/local76000.ca\/fr\/wp-json\/wp\/v2\/pages\/1034\/revisions\/1729"}],"up":[{"embeddable":true,"href":"https:\/\/local76000.ca\/fr\/wp-json\/wp\/v2\/pages\/469"}],"wp:attachment":[{"href":"https:\/\/local76000.ca\/fr\/wp-json\/wp\/v2\/media?parent=1034"}],"curies":[{"name":"wp","href":"https:\/\/api.w.org\/{rel}","templated":true}]}}