{"id":101,"date":"2016-01-25T00:13:04","date_gmt":"2016-01-25T00:13:04","guid":{"rendered":"http:\/\/www.local76000.ca\/?page_id=101"},"modified":"2020-11-06T23:11:06","modified_gmt":"2020-11-06T23:11:06","slug":"candidate-profile-bargaining-representive","status":"publish","type":"page","link":"https:\/\/local76000.ca\/fr\/committees\/negotiating-team\/candidate-profile-bargaining-representive\/","title":{"rendered":"Profil du candidat: Repr\u00e9sentant de n\u00e9gociation"},"content":{"rendered":"<p>En tant que membre d&#8217;une \u00e9quipe, et en consultation avec le n\u00e9gociateur principal assign\u00e9 de l&#8217;AFPC:<\/p>\n<ul>\n<li>Pr\u00e9parer des propositions de n\u00e9gociation pour la convention collective.<\/li>\n<li>Demander et de recevoir des propositions de n\u00e9gociation des membres et des comit\u00e9s de la section locale.<\/li>\n<li>Restez inform\u00e9 et partager l&#8217;information avec les membres sur l&#8217;\u00e9tat du processus de n\u00e9gociation et des enjeux principaux.<\/li>\n<\/ul>\n<hr \/>\n","protected":false},"excerpt":{"rendered":"<p>En tant que membre d&#8217;une \u00e9quipe, et en consultation avec le n\u00e9gociateur principal assign\u00e9 de l&#8217;AFPC: Pr\u00e9parer des propositions de n\u00e9gociation pour la convention collective. Demander et de recevoir des propositions de n\u00e9gociation des membres et des comit\u00e9s de la section locale. Restez inform\u00e9 et partager l&#8217;information avec les membres sur l&#8217;\u00e9tat du processus de &hellip; <a href=\"https:\/\/local76000.ca\/fr\/committees\/negotiating-team\/candidate-profile-bargaining-representive\/\" class=\"more-link\">Continue reading<span class=\"screen-reader-text\"> &#8220;Profil du candidat: Repr\u00e9sentant de n\u00e9gociation&#8221;<\/span><\/a><\/p>\n","protected":false},"author":1,"featured_media":0,"parent":54,"menu_order":0,"comment_status":"closed","ping_status":"closed","template":"","meta":{"pagelayer_contact_templates":[],"_pagelayer_content":"","footnotes":""},"class_list":["post-101","page","type-page","status-publish","hentry"],"translation":{"provider":"WPGlobus","version":"3.0.2","language":"fr","enabled_languages":["en","fr"],"languages":{"en":{"title":true,"content":true,"excerpt":false},"fr":{"title":true,"content":true,"excerpt":false}}},"_links":{"self":[{"href":"https:\/\/local76000.ca\/fr\/wp-json\/wp\/v2\/pages\/101","targetHints":{"allow":["GET"]}}],"collection":[{"href":"https:\/\/local76000.ca\/fr\/wp-json\/wp\/v2\/pages"}],"about":[{"href":"https:\/\/local76000.ca\/fr\/wp-json\/wp\/v2\/types\/page"}],"author":[{"embeddable":true,"href":"https:\/\/local76000.ca\/fr\/wp-json\/wp\/v2\/users\/1"}],"replies":[{"embeddable":true,"href":"https:\/\/local76000.ca\/fr\/wp-json\/wp\/v2\/comments?post=101"}],"version-history":[{"count":5,"href":"https:\/\/local76000.ca\/fr\/wp-json\/wp\/v2\/pages\/101\/revisions"}],"predecessor-version":[{"id":867,"href":"https:\/\/local76000.ca\/fr\/wp-json\/wp\/v2\/pages\/101\/revisions\/867"}],"up":[{"embeddable":true,"href":"https:\/\/local76000.ca\/fr\/wp-json\/wp\/v2\/pages\/54"}],"wp:attachment":[{"href":"https:\/\/local76000.ca\/fr\/wp-json\/wp\/v2\/media?parent=101"}],"curies":[{"name":"wp","href":"https:\/\/api.w.org\/{rel}","templated":true}]}}