{"id":10,"date":"2016-01-14T03:33:08","date_gmt":"2016-01-14T03:33:08","guid":{"rendered":"http:\/\/www.local76000.ca\/?page_id=10"},"modified":"2025-06-20T21:04:50","modified_gmt":"2025-06-20T21:04:50","slug":"about","status":"publish","type":"page","link":"https:\/\/local76000.ca\/fr\/about\/","title":{"rendered":"\u00c0 propos"},"content":{"rendered":"<p>Le 26 novembre 2015, le Conseil canadien des relations industrielles (CCRI) a certifi\u00e9 l&#8217;Alliance de la fonction publique du Canada pour repr\u00e9senter 245 employ\u00e9s du <a href=\"http:\/\/www.idrc.ca\/FR\/Pages\/default.aspx\">Centre de recherche pour le d\u00e9veloppement international<\/a> (CRDI). La section locale 76000 est constitu\u00e9e d&#8217;individus de toutes les composantes de la structure organisationnelle et des bureaux r\u00e9gionaux du CRDI.<\/p>\n<p>Le CRDI est une soci\u00e9t\u00e9 d&#8217;\u00c9tat canadienne dont le mandat est de soutenir la connaissance, l&#8217;innovation, et des solutions pour am\u00e9liorer la vie des populations des pays en d\u00e9veloppement.<\/p>\n<p><a href=\"http:\/\/local76000.ca\/wp-content\/uploads\/2021\/02\/Flyer_Brochure_Local76000_online_fr.pdf\">D\u00e9pliant \u00e0 propos de la Section locale 76000<\/a><\/p>\n<p><a href=\"https:\/\/local76000.ca\/fr\/about\/previous-local-executives\/\">Anciens comit\u00e9s ex\u00e9cutifs<\/a><\/p>\n","protected":false},"excerpt":{"rendered":"<p>Le 26 novembre 2015, le Conseil canadien des relations industrielles (CCRI) a certifi\u00e9 l&#8217;Alliance de la fonction publique du Canada pour repr\u00e9senter 245 employ\u00e9s du Centre de recherche pour le d\u00e9veloppement international (CRDI). La section locale 76000 est constitu\u00e9e d&#8217;individus de toutes les composantes de la structure organisationnelle et des bureaux r\u00e9gionaux du CRDI. Le &hellip; <a href=\"https:\/\/local76000.ca\/fr\/about\/\" class=\"more-link\">Continue reading<span class=\"screen-reader-text\"> &#8220;\u00c0 propos&#8221;<\/span><\/a><\/p>\n","protected":false},"author":1,"featured_media":0,"parent":0,"menu_order":0,"comment_status":"closed","ping_status":"closed","template":"","meta":{"pagelayer_contact_templates":[],"_pagelayer_content":"","footnotes":""},"class_list":["post-10","page","type-page","status-publish","hentry"],"translation":{"provider":"WPGlobus","version":"3.0.2","language":"fr","enabled_languages":["en","fr"],"languages":{"en":{"title":true,"content":true,"excerpt":false},"fr":{"title":true,"content":true,"excerpt":false}}},"_links":{"self":[{"href":"https:\/\/local76000.ca\/fr\/wp-json\/wp\/v2\/pages\/10","targetHints":{"allow":["GET"]}}],"collection":[{"href":"https:\/\/local76000.ca\/fr\/wp-json\/wp\/v2\/pages"}],"about":[{"href":"https:\/\/local76000.ca\/fr\/wp-json\/wp\/v2\/types\/page"}],"author":[{"embeddable":true,"href":"https:\/\/local76000.ca\/fr\/wp-json\/wp\/v2\/users\/1"}],"replies":[{"embeddable":true,"href":"https:\/\/local76000.ca\/fr\/wp-json\/wp\/v2\/comments?post=10"}],"version-history":[{"count":12,"href":"https:\/\/local76000.ca\/fr\/wp-json\/wp\/v2\/pages\/10\/revisions"}],"predecessor-version":[{"id":1633,"href":"https:\/\/local76000.ca\/fr\/wp-json\/wp\/v2\/pages\/10\/revisions\/1633"}],"wp:attachment":[{"href":"https:\/\/local76000.ca\/fr\/wp-json\/wp\/v2\/media?parent=10"}],"curies":[{"name":"wp","href":"https:\/\/api.w.org\/{rel}","templated":true}]}}